{"id":6559,"date":"2025-12-29T08:38:10","date_gmt":"2025-12-29T08:38:10","guid":{"rendered":"https:\/\/culpeo.cn\/?post_type=product&#038;p=6559"},"modified":"2025-12-29T08:38:10","modified_gmt":"2025-12-29T08:38:10","slug":"rostfria-brickor-rostfria-brickor-inkl-skruvar","status":"publish","type":"product","link":"https:\/\/culpeo.cn\/ja\/product\/rostfria-brickor-rostfria-brickor-inkl-skruvar\/","title":{"rendered":"Rostfria brickor Rostfria brickor inkl skruvar"},"content":{"rendered":"<p>Set f\u00f6r montering av n\u00e4t och linor p\u00e5 Robiniastolpar med 6 mm k\u00e4tting.<\/p>\n<p>Specifikation<\/p>\n<p>\u2022 Artikelnummer: 4575-01-VA<\/p>","protected":false},"excerpt":{"rendered":"<p>Set f\u00f6r montering av n\u00e4t och linor p\u00e5 Robiniastolpar med 6 mm k\u00e4tting. Specifikation \u2022 Artikelnummer: 4575-01-VA<\/p>","protected":false},"featured_media":6560,"comment_status":"open","ping_status":"closed","template":"","meta":{"site-sidebar-layout":"default","site-content-layout":"","ast-site-content-layout":"default","site-content-style":"default","site-sidebar-style":"default","ast-global-header-display":"","ast-banner-title-visibility":"","ast-main-header-display":"","ast-hfb-above-header-display":"","ast-hfb-below-header-display":"","ast-hfb-mobile-header-display":"","site-post-title":"","ast-breadcrumbs-content":"","ast-featured-img":"","footer-sml-layout":"","theme-transparent-header-meta":"default","adv-header-id-meta":"","stick-header-meta":"","header-above-stick-meta":"","header-main-stick-meta":"","header-below-stick-meta":"","astra-migrate-meta-layouts":"set","ast-page-background-enabled":"default","ast-page-background-meta":{"desktop":{"background-color":"","background-image":"","background-repeat":"repeat","background-position":"center center","background-size":"auto","background-attachment":"scroll","background-type":"","background-media":"","overlay-type":"","overlay-color":"","overlay-opacity":"","overlay-gradient":""},"tablet":{"background-color":"","background-image":"","background-repeat":"repeat","background-position":"center center","background-size":"auto","background-attachment":"scroll","background-type":"","background-media":"","overlay-type":"","overlay-color":"","overlay-opacity":"","overlay-gradient":""},"mobile":{"background-color":"","background-image":"","background-repeat":"repeat","background-position":"center center","background-size":"auto","background-attachment":"scroll","background-type":"","background-media":"","overlay-type":"","overlay-color":"","overlay-opacity":"","overlay-gradient":""}},"ast-content-background-meta":{"desktop":{"background-color":"var(--ast-global-color-5)","background-image":"","background-repeat":"repeat","background-position":"center center","background-size":"auto","background-attachment":"scroll","background-type":"","background-media":"","overlay-type":"","overlay-color":"","overlay-opacity":"","overlay-gradient":""},"tablet":{"background-color":"var(--ast-global-color-5)","background-image":"","background-repeat":"repeat","background-position":"center center","background-size":"auto","background-attachment":"scroll","background-type":"","background-media":"","overlay-type":"","overlay-color":"","overlay-opacity":"","overlay-gradient":""},"mobile":{"background-color":"var(--ast-global-color-5)","background-image":"","background-repeat":"repeat","background-position":"center center","background-size":"auto","background-attachment":"scroll","background-type":"","background-media":"","overlay-type":"","overlay-color":"","overlay-opacity":"","overlay-gradient":""}}},"product_brand":[],"product_cat":[90],"product_tag":[],"class_list":{"0":"post-6559","1":"product","2":"type-product","3":"status-publish","4":"has-post-thumbnail","6":"product_cat-ropes-accessories","7":"desktop-align-left","8":"tablet-align-left","9":"mobile-align-left","11":"first","12":"instock","13":"shipping-taxable","14":"product-type-simple"},"_links":{"self":[{"href":"https:\/\/culpeo.cn\/ja\/wp-json\/wp\/v2\/product\/6559","targetHints":{"allow":["GET"]}}],"collection":[{"href":"https:\/\/culpeo.cn\/ja\/wp-json\/wp\/v2\/product"}],"about":[{"href":"https:\/\/culpeo.cn\/ja\/wp-json\/wp\/v2\/types\/product"}],"replies":[{"embeddable":true,"href":"https:\/\/culpeo.cn\/ja\/wp-json\/wp\/v2\/comments?post=6559"}],"version-history":[{"count":1,"href":"https:\/\/culpeo.cn\/ja\/wp-json\/wp\/v2\/product\/6559\/revisions"}],"predecessor-version":[{"id":6561,"href":"https:\/\/culpeo.cn\/ja\/wp-json\/wp\/v2\/product\/6559\/revisions\/6561"}],"wp:featuredmedia":[{"embeddable":true,"href":"https:\/\/culpeo.cn\/ja\/wp-json\/wp\/v2\/media\/6560"}],"wp:attachment":[{"href":"https:\/\/culpeo.cn\/ja\/wp-json\/wp\/v2\/media?parent=6559"}],"wp:term":[{"taxonomy":"product_brand","embeddable":true,"href":"https:\/\/culpeo.cn\/ja\/wp-json\/wp\/v2\/product_brand?post=6559"},{"taxonomy":"product_cat","embeddable":true,"href":"https:\/\/culpeo.cn\/ja\/wp-json\/wp\/v2\/product_cat?post=6559"},{"taxonomy":"product_tag","embeddable":true,"href":"https:\/\/culpeo.cn\/ja\/wp-json\/wp\/v2\/product_tag?post=6559"}],"curies":[{"name":"wp","href":"https:\/\/api.w.org\/{rel}","templated":true}]}}