{"id":6571,"date":"2025-12-29T08:52:01","date_gmt":"2025-12-29T08:52:01","guid":{"rendered":"https:\/\/culpeo.cn\/?post_type=product&#038;p=6571"},"modified":"2025-12-29T08:52:01","modified_gmt":"2025-12-29T08:52:01","slug":"t-koppling-i-nylon-for-o-16-mm-herkulesrep","status":"publish","type":"product","link":"https:\/\/culpeo.cn\/ja\/product\/t-koppling-i-nylon-for-o-16-mm-herkulesrep\/","title":{"rendered":"T-KOPPLING I NYLON F\u00f6r \u00f8 16 mm Herkulesrep"},"content":{"rendered":"<p>T-koppling i nylon f\u00f6r Herkulesrep \u00d8 16 mm. F\u00e4rg: svart eller beige.<\/p>\n<p>Specifikation<\/p>\n<p>\u2022 Artikelnummer: 445<\/p>","protected":false},"excerpt":{"rendered":"<p>T-koppling i nylon f\u00f6r Herkulesrep \u00d8 16 mm. F\u00e4rg: svart eller beige. Specifikation \u2022 Artikelnummer: 445<\/p>","protected":false},"featured_media":6572,"comment_status":"open","ping_status":"closed","template":"","meta":{"site-sidebar-layout":"default","site-content-layout":"","ast-site-content-layout":"default","site-content-style":"default","site-sidebar-style":"default","ast-global-header-display":"","ast-banner-title-visibility":"","ast-main-header-display":"","ast-hfb-above-header-display":"","ast-hfb-below-header-display":"","ast-hfb-mobile-header-display":"","site-post-title":"","ast-breadcrumbs-content":"","ast-featured-img":"","footer-sml-layout":"","theme-transparent-header-meta":"default","adv-header-id-meta":"","stick-header-meta":"","header-above-stick-meta":"","header-main-stick-meta":"","header-below-stick-meta":"","astra-migrate-meta-layouts":"set","ast-page-background-enabled":"default","ast-page-background-meta":{"desktop":{"background-color":"","background-image":"","background-repeat":"repeat","background-position":"center center","background-size":"auto","background-attachment":"scroll","background-type":"","background-media":"","overlay-type":"","overlay-color":"","overlay-opacity":"","overlay-gradient":""},"tablet":{"background-color":"","background-image":"","background-repeat":"repeat","background-position":"center center","background-size":"auto","background-attachment":"scroll","background-type":"","background-media":"","overlay-type":"","overlay-color":"","overlay-opacity":"","overlay-gradient":""},"mobile":{"background-color":"","background-image":"","background-repeat":"repeat","background-position":"center center","background-size":"auto","background-attachment":"scroll","background-type":"","background-media":"","overlay-type":"","overlay-color":"","overlay-opacity":"","overlay-gradient":""}},"ast-content-background-meta":{"desktop":{"background-color":"var(--ast-global-color-5)","background-image":"","background-repeat":"repeat","background-position":"center center","background-size":"auto","background-attachment":"scroll","background-type":"","background-media":"","overlay-type":"","overlay-color":"","overlay-opacity":"","overlay-gradient":""},"tablet":{"background-color":"var(--ast-global-color-5)","background-image":"","background-repeat":"repeat","background-position":"center center","background-size":"auto","background-attachment":"scroll","background-type":"","background-media":"","overlay-type":"","overlay-color":"","overlay-opacity":"","overlay-gradient":""},"mobile":{"background-color":"var(--ast-global-color-5)","background-image":"","background-repeat":"repeat","background-position":"center center","background-size":"auto","background-attachment":"scroll","background-type":"","background-media":"","overlay-type":"","overlay-color":"","overlay-opacity":"","overlay-gradient":""}}},"product_brand":[],"product_cat":[90],"product_tag":[],"class_list":{"0":"post-6571","1":"product","2":"type-product","3":"status-publish","4":"has-post-thumbnail","6":"product_cat-ropes-accessories","7":"desktop-align-left","8":"tablet-align-left","9":"mobile-align-left","11":"first","12":"instock","13":"shipping-taxable","14":"product-type-simple"},"_links":{"self":[{"href":"https:\/\/culpeo.cn\/ja\/wp-json\/wp\/v2\/product\/6571","targetHints":{"allow":["GET"]}}],"collection":[{"href":"https:\/\/culpeo.cn\/ja\/wp-json\/wp\/v2\/product"}],"about":[{"href":"https:\/\/culpeo.cn\/ja\/wp-json\/wp\/v2\/types\/product"}],"replies":[{"embeddable":true,"href":"https:\/\/culpeo.cn\/ja\/wp-json\/wp\/v2\/comments?post=6571"}],"version-history":[{"count":1,"href":"https:\/\/culpeo.cn\/ja\/wp-json\/wp\/v2\/product\/6571\/revisions"}],"predecessor-version":[{"id":6573,"href":"https:\/\/culpeo.cn\/ja\/wp-json\/wp\/v2\/product\/6571\/revisions\/6573"}],"wp:featuredmedia":[{"embeddable":true,"href":"https:\/\/culpeo.cn\/ja\/wp-json\/wp\/v2\/media\/6572"}],"wp:attachment":[{"href":"https:\/\/culpeo.cn\/ja\/wp-json\/wp\/v2\/media?parent=6571"}],"wp:term":[{"taxonomy":"product_brand","embeddable":true,"href":"https:\/\/culpeo.cn\/ja\/wp-json\/wp\/v2\/product_brand?post=6571"},{"taxonomy":"product_cat","embeddable":true,"href":"https:\/\/culpeo.cn\/ja\/wp-json\/wp\/v2\/product_cat?post=6571"},{"taxonomy":"product_tag","embeddable":true,"href":"https:\/\/culpeo.cn\/ja\/wp-json\/wp\/v2\/product_tag?post=6571"}],"curies":[{"name":"wp","href":"https:\/\/api.w.org\/{rel}","templated":true}]}}