{"id":7556,"date":"2026-01-22T06:25:21","date_gmt":"2026-01-22T06:25:21","guid":{"rendered":"https:\/\/culpeo.cn\/?post_type=product&#038;p=7556"},"modified":"2026-01-22T06:25:21","modified_gmt":"2026-01-22T06:25:21","slug":"treetop-adventure-parks-coconut-swing","status":"publish","type":"product","link":"https:\/\/culpeo.cn\/ja\/product\/treetop-adventure-parks-coconut-swing\/","title":{"rendered":"Treetop Adventure Parks Coconut swing"},"content":{"rendered":"<p>The Coconut Swing is braided in textured polypropylene, 60 cm long and is hung on 2.50 m long lines. Its two lines are made of 20 mm diameter textured polypropylene with thimbled loops and line rings.<\/p>\n<h3 class=\"elementor-heading-title\">Specifications<\/h3>\n<table class=\"ce-product-features\" width=\"880\">\n<tbody>\n<tr class=\"ce-product-features__row firstRow\">\n<th class=\"ce-product-features__label\">Nombre d&#8217;unit\u00e9s<\/th>\n<td class=\"ce-product-features__value\">1<\/td>\n<\/tr>\n<tr class=\"ce-product-features__row\">\n<th class=\"ce-product-features__label\">assembly accessories<\/th>\n<td class=\"ce-product-features__value\">Supplied<\/td>\n<\/tr>\n<tr class=\"ce-product-features__row\">\n<th class=\"ce-product-features__label\">Height<\/th>\n<td class=\"ce-product-features__value\">2,50 m<\/td>\n<\/tr>\n<tr class=\"ce-product-features__row\">\n<th class=\"ce-product-features__label\">Longueur<\/th>\n<td class=\"ce-product-features__value\">60 cm<\/td>\n<\/tr>\n<tr class=\"ce-product-features__row\">\n<th class=\"ce-product-features__label\">Mati\u00e8re<\/th>\n<td class=\"ce-product-features__value\">Braided Polypropylene<\/td>\n<\/tr>\n<tr class=\"ce-product-features__row\">\n<th class=\"ce-product-features__label\">Diameter of suspension<\/th>\n<td class=\"ce-product-features__value\">\u00d8 20 mm<\/td>\n<\/tr>\n<tr class=\"ce-product-features__row\">\n<th class=\"ce-product-features__label\">Material of suspensions<\/th>\n<td class=\"ce-product-features__value\">Textured Polypropylene<\/td>\n<\/tr>\n<tr class=\"ce-product-features__row\">\n<th class=\"ce-product-features__label\">Cable spacing<\/th>\n<td class=\"ce-product-features__value\">60 cm<\/td>\n<\/tr>\n<tr class=\"ce-product-features__row\">\n<th class=\"ce-product-features__label\">Poids<\/th>\n<td class=\"ce-product-features__value\">5 kg<\/td>\n<\/tr>\n<tr class=\"ce-product-features__row\">\n<th class=\"ce-product-features__label\">Compositions<\/th>\n<td class=\"ce-product-features__value\">Braided Polypropylene swing equipped with two polypropylene suspension ropes with reinforced loop and suspension ring.<\/td>\n<\/tr>\n<\/tbody>\n<\/table>","protected":false},"excerpt":{"rendered":"<p>The Coconut Swing is braided in textured polypropylene, 60 cm long and is hung on 2.50 m long lines. Its two lines are made of 20 mm diameter textured polypropylene with thimbled loops and line rings. Specifications Nombre d&#8217;unit\u00e9s 1 assembly accessories Supplied Height 2,50 m Longueur 60 cm Mati\u00e8re Braided Polypropylene Diameter of suspension \u00d8 20 mm Material of suspensions Textured Polypropylene Cable spacing 60 cm Poids 5 kg Compositions Braided Polypropylene swing equipped with two polypropylene suspension ropes with reinforced loop and suspension ring.<\/p>","protected":false},"featured_media":7558,"comment_status":"open","ping_status":"closed","template":"","meta":{"site-sidebar-layout":"default","site-content-layout":"","ast-site-content-layout":"default","site-content-style":"default","site-sidebar-style":"default","ast-global-header-display":"","ast-banner-title-visibility":"","ast-main-header-display":"","ast-hfb-above-header-display":"","ast-hfb-below-header-display":"","ast-hfb-mobile-header-display":"","site-post-title":"","ast-breadcrumbs-content":"","ast-featured-img":"","footer-sml-layout":"","theme-transparent-header-meta":"default","adv-header-id-meta":"","stick-header-meta":"","header-above-stick-meta":"","header-main-stick-meta":"","header-below-stick-meta":"","astra-migrate-meta-layouts":"set","ast-page-background-enabled":"default","ast-page-background-meta":{"desktop":{"background-color":"","background-image":"","background-repeat":"repeat","background-position":"center center","background-size":"auto","background-attachment":"scroll","background-type":"","background-media":"","overlay-type":"","overlay-color":"","overlay-opacity":"","overlay-gradient":""},"tablet":{"background-color":"","background-image":"","background-repeat":"repeat","background-position":"center center","background-size":"auto","background-attachment":"scroll","background-type":"","background-media":"","overlay-type":"","overlay-color":"","overlay-opacity":"","overlay-gradient":""},"mobile":{"background-color":"","background-image":"","background-repeat":"repeat","background-position":"center center","background-size":"auto","background-attachment":"scroll","background-type":"","background-media":"","overlay-type":"","overlay-color":"","overlay-opacity":"","overlay-gradient":""}},"ast-content-background-meta":{"desktop":{"background-color":"var(--ast-global-color-5)","background-image":"","background-repeat":"repeat","background-position":"center center","background-size":"auto","background-attachment":"scroll","background-type":"","background-media":"","overlay-type":"","overlay-color":"","overlay-opacity":"","overlay-gradient":""},"tablet":{"background-color":"var(--ast-global-color-5)","background-image":"","background-repeat":"repeat","background-position":"center center","background-size":"auto","background-attachment":"scroll","background-type":"","background-media":"","overlay-type":"","overlay-color":"","overlay-opacity":"","overlay-gradient":""},"mobile":{"background-color":"var(--ast-global-color-5)","background-image":"","background-repeat":"repeat","background-position":"center center","background-size":"auto","background-attachment":"scroll","background-type":"","background-media":"","overlay-type":"","overlay-color":"","overlay-opacity":"","overlay-gradient":""}}},"product_brand":[],"product_cat":[92],"product_tag":[],"class_list":{"0":"post-7556","1":"product","2":"type-product","3":"status-publish","4":"has-post-thumbnail","6":"product_cat-ropes-course-elements","7":"desktop-align-left","8":"tablet-align-left","9":"mobile-align-left","11":"first","12":"instock","13":"shipping-taxable","14":"purchasable","15":"product-type-simple"},"_links":{"self":[{"href":"https:\/\/culpeo.cn\/ja\/wp-json\/wp\/v2\/product\/7556","targetHints":{"allow":["GET"]}}],"collection":[{"href":"https:\/\/culpeo.cn\/ja\/wp-json\/wp\/v2\/product"}],"about":[{"href":"https:\/\/culpeo.cn\/ja\/wp-json\/wp\/v2\/types\/product"}],"replies":[{"embeddable":true,"href":"https:\/\/culpeo.cn\/ja\/wp-json\/wp\/v2\/comments?post=7556"}],"version-history":[{"count":1,"href":"https:\/\/culpeo.cn\/ja\/wp-json\/wp\/v2\/product\/7556\/revisions"}],"predecessor-version":[{"id":7560,"href":"https:\/\/culpeo.cn\/ja\/wp-json\/wp\/v2\/product\/7556\/revisions\/7560"}],"wp:featuredmedia":[{"embeddable":true,"href":"https:\/\/culpeo.cn\/ja\/wp-json\/wp\/v2\/media\/7558"}],"wp:attachment":[{"href":"https:\/\/culpeo.cn\/ja\/wp-json\/wp\/v2\/media?parent=7556"}],"wp:term":[{"taxonomy":"product_brand","embeddable":true,"href":"https:\/\/culpeo.cn\/ja\/wp-json\/wp\/v2\/product_brand?post=7556"},{"taxonomy":"product_cat","embeddable":true,"href":"https:\/\/culpeo.cn\/ja\/wp-json\/wp\/v2\/product_cat?post=7556"},{"taxonomy":"product_tag","embeddable":true,"href":"https:\/\/culpeo.cn\/ja\/wp-json\/wp\/v2\/product_tag?post=7556"}],"curies":[{"name":"wp","href":"https:\/\/api.w.org\/{rel}","templated":true}]}}