{"id":7598,"date":"2026-01-22T06:55:39","date_gmt":"2026-01-22T06:55:39","guid":{"rendered":"https:\/\/culpeo.cn\/?post_type=product&#038;p=7598"},"modified":"2026-01-22T06:55:39","modified_gmt":"2026-01-22T06:55:39","slug":"treetop-adventure-parks-crossing-rope","status":"publish","type":"product","link":"https:\/\/culpeo.cn\/ja\/product\/treetop-adventure-parks-crossing-rope\/","title":{"rendered":"Treetop Adventure Parks Crossing rope"},"content":{"rendered":"<p>The Crossing Rope is made of dark green polyethylene rope, length 1m. It is provided with thimble eye and suspension ring at each end. Remember to add to your cart the cable ties necessary to set up the module. The fixing material is not supplied with the game module.<\/p>\n<h3 class=\"elementor-heading-title\">Specifications<\/h3>\n<table class=\"ce-product-features\" width=\"880\">\n<tbody>\n<tr class=\"ce-product-features__row firstRow\">\n<th class=\"ce-product-features__label\">Nombre d&#8217;unit\u00e9s<\/th>\n<td class=\"ce-product-features__value\">1<\/td>\n<\/tr>\n<tr class=\"ce-product-features__row\">\n<th class=\"ce-product-features__label\">assembly accessories<\/th>\n<td class=\"ce-product-features__value\">sold separately<\/td>\n<\/tr>\n<tr class=\"ce-product-features__row\">\n<th class=\"ce-product-features__label\">Longueur<\/th>\n<td class=\"ce-product-features__value\">4 m<\/td>\n<\/tr>\n<tr class=\"ce-product-features__row\">\n<th class=\"ce-product-features__label\">Rope diameter<\/th>\n<td class=\"ce-product-features__value\">\u00d820 mm<\/td>\n<\/tr>\n<tr class=\"ce-product-features__row\">\n<th class=\"ce-product-features__label\">Material of rope<\/th>\n<td class=\"ce-product-features__value\">polyethylene<\/td>\n<\/tr>\n<tr class=\"ce-product-features__row\">\n<th class=\"ce-product-features__label\">Color of the suspension rope<\/th>\n<td class=\"ce-product-features__value\">dark green<\/td>\n<\/tr>\n<tr class=\"ce-product-features__row\">\n<th class=\"ce-product-features__label\">Cable spacing<\/th>\n<td class=\"ce-product-features__value\">65 cm<\/td>\n<\/tr>\n<tr class=\"ce-product-features__row\">\n<th class=\"ce-product-features__label\">Poids<\/th>\n<td class=\"ce-product-features__value\">2 kg<\/td>\n<\/tr>\n<tr class=\"ce-product-features__row\">\n<th class=\"ce-product-features__label\">Compositions<\/th>\n<td class=\"ce-product-features__value\">provided with heart lug and ring at each end<\/td>\n<\/tr>\n<tr class=\"ce-product-features__row\">\n<th class=\"ce-product-features__label\">Attachment system<\/th>\n<td class=\"ce-product-features__value\">serre-c\u00e2ble (vendus s\u00e9par\u00e9ment)<\/td>\n<\/tr>\n<\/tbody>\n<\/table>","protected":false},"excerpt":{"rendered":"<p>The Crossing Rope is made of dark green polyethylene rope, length 1m. It is provided with thimble eye and suspension ring at each end. Remember to add to your cart the cable ties necessary to set up the module. The fixing material is not supplied with the game module. Specifications Nombre d&#8217;unit\u00e9s 1 assembly accessories sold separately Longueur 4 m Rope diameter \u00d820 mm Material of rope polyethylene Color of the suspension rope dark green Cable spacing 65 cm Poids 2 kg Compositions provided with heart lug and ring at each end Attachment system serre-c\u00e2ble (vendus s\u00e9par\u00e9ment)<\/p>","protected":false},"featured_media":7599,"comment_status":"open","ping_status":"closed","template":"","meta":{"site-sidebar-layout":"default","site-content-layout":"","ast-site-content-layout":"default","site-content-style":"default","site-sidebar-style":"default","ast-global-header-display":"","ast-banner-title-visibility":"","ast-main-header-display":"","ast-hfb-above-header-display":"","ast-hfb-below-header-display":"","ast-hfb-mobile-header-display":"","site-post-title":"","ast-breadcrumbs-content":"","ast-featured-img":"","footer-sml-layout":"","theme-transparent-header-meta":"default","adv-header-id-meta":"","stick-header-meta":"","header-above-stick-meta":"","header-main-stick-meta":"","header-below-stick-meta":"","astra-migrate-meta-layouts":"set","ast-page-background-enabled":"default","ast-page-background-meta":{"desktop":{"background-color":"","background-image":"","background-repeat":"repeat","background-position":"center center","background-size":"auto","background-attachment":"scroll","background-type":"","background-media":"","overlay-type":"","overlay-color":"","overlay-opacity":"","overlay-gradient":""},"tablet":{"background-color":"","background-image":"","background-repeat":"repeat","background-position":"center center","background-size":"auto","background-attachment":"scroll","background-type":"","background-media":"","overlay-type":"","overlay-color":"","overlay-opacity":"","overlay-gradient":""},"mobile":{"background-color":"","background-image":"","background-repeat":"repeat","background-position":"center center","background-size":"auto","background-attachment":"scroll","background-type":"","background-media":"","overlay-type":"","overlay-color":"","overlay-opacity":"","overlay-gradient":""}},"ast-content-background-meta":{"desktop":{"background-color":"var(--ast-global-color-5)","background-image":"","background-repeat":"repeat","background-position":"center center","background-size":"auto","background-attachment":"scroll","background-type":"","background-media":"","overlay-type":"","overlay-color":"","overlay-opacity":"","overlay-gradient":""},"tablet":{"background-color":"var(--ast-global-color-5)","background-image":"","background-repeat":"repeat","background-position":"center center","background-size":"auto","background-attachment":"scroll","background-type":"","background-media":"","overlay-type":"","overlay-color":"","overlay-opacity":"","overlay-gradient":""},"mobile":{"background-color":"var(--ast-global-color-5)","background-image":"","background-repeat":"repeat","background-position":"center center","background-size":"auto","background-attachment":"scroll","background-type":"","background-media":"","overlay-type":"","overlay-color":"","overlay-opacity":"","overlay-gradient":""}}},"product_brand":[],"product_cat":[92],"product_tag":[],"class_list":{"0":"post-7598","1":"product","2":"type-product","3":"status-publish","4":"has-post-thumbnail","6":"product_cat-ropes-course-elements","7":"desktop-align-left","8":"tablet-align-left","9":"mobile-align-left","11":"first","12":"instock","13":"shipping-taxable","14":"purchasable","15":"product-type-simple"},"_links":{"self":[{"href":"https:\/\/culpeo.cn\/ja\/wp-json\/wp\/v2\/product\/7598","targetHints":{"allow":["GET"]}}],"collection":[{"href":"https:\/\/culpeo.cn\/ja\/wp-json\/wp\/v2\/product"}],"about":[{"href":"https:\/\/culpeo.cn\/ja\/wp-json\/wp\/v2\/types\/product"}],"replies":[{"embeddable":true,"href":"https:\/\/culpeo.cn\/ja\/wp-json\/wp\/v2\/comments?post=7598"}],"version-history":[{"count":1,"href":"https:\/\/culpeo.cn\/ja\/wp-json\/wp\/v2\/product\/7598\/revisions"}],"predecessor-version":[{"id":7601,"href":"https:\/\/culpeo.cn\/ja\/wp-json\/wp\/v2\/product\/7598\/revisions\/7601"}],"wp:featuredmedia":[{"embeddable":true,"href":"https:\/\/culpeo.cn\/ja\/wp-json\/wp\/v2\/media\/7599"}],"wp:attachment":[{"href":"https:\/\/culpeo.cn\/ja\/wp-json\/wp\/v2\/media?parent=7598"}],"wp:term":[{"taxonomy":"product_brand","embeddable":true,"href":"https:\/\/culpeo.cn\/ja\/wp-json\/wp\/v2\/product_brand?post=7598"},{"taxonomy":"product_cat","embeddable":true,"href":"https:\/\/culpeo.cn\/ja\/wp-json\/wp\/v2\/product_cat?post=7598"},{"taxonomy":"product_tag","embeddable":true,"href":"https:\/\/culpeo.cn\/ja\/wp-json\/wp\/v2\/product_tag?post=7598"}],"curies":[{"name":"wp","href":"https:\/\/api.w.org\/{rel}","templated":true}]}}