{"id":7726,"date":"2026-01-22T09:01:43","date_gmt":"2026-01-22T09:01:43","guid":{"rendered":"https:\/\/culpeo.cn\/?post_type=product&#038;p=7726"},"modified":"2026-01-22T09:01:43","modified_gmt":"2026-01-22T09:01:43","slug":"treetop-adventure-parks-savana-crossing","status":"publish","type":"product","link":"https:\/\/culpeo.cn\/ja\/product\/treetop-adventure-parks-savana-crossing\/","title":{"rendered":"Treetop Adventure Parks Savana Crossing"},"content":{"rendered":"<p>These islands are made from 18 mm thick Okoum\u00e9 plywood. Each board measures 500 mm in diameter and is designed for a cable spacing of 300 mm, adapted to standard spacings.<\/p>\n<p>The Passage Savane is offered in half-families (4 units) or complete families (8 units) depending on\u00a0your needs. Quartet 1 is composed of the giraffe, gorilla, panther and lion. Quartet 2 is composed of\u00a0the elephant, baboon, hippopotamus and wildebeest.<\/p>\n<h3 class=\"elementor-heading-title\">Specifications<\/h3>\n<table class=\"ce-product-features\" width=\"880\">\n<tbody>\n<tr class=\"ce-product-features__row firstRow\">\n<th class=\"ce-product-features__label\">Nombre d&#8217;unit\u00e9s<\/th>\n<td class=\"ce-product-features__value\">Sold in half or full collection (8 units)<\/td>\n<\/tr>\n<tr class=\"ce-product-features__row\">\n<th class=\"ce-product-features__label\">assembly accessories<\/th>\n<td class=\"ce-product-features__value\">Supplied<\/td>\n<\/tr>\n<tr class=\"ce-product-features__row\">\n<th class=\"ce-product-features__label\">Largeur<\/th>\n<td class=\"ce-product-features__value\">33 mm<\/td>\n<\/tr>\n<tr class=\"ce-product-features__row\">\n<th class=\"ce-product-features__label\">Thickness<\/th>\n<td class=\"ce-product-features__value\">18mm<\/td>\n<\/tr>\n<tr class=\"ce-product-features__row\">\n<th class=\"ce-product-features__label\">Diam\u00e8tre<\/th>\n<td class=\"ce-product-features__value\">500 mm<\/td>\n<\/tr>\n<tr class=\"ce-product-features__row\">\n<th class=\"ce-product-features__label\">Mati\u00e8re<\/th>\n<td class=\"ce-product-features__value\">Okoum\u00e9-faced plywood<\/td>\n<\/tr>\n<tr class=\"ce-product-features__row\">\n<th class=\"ce-product-features__label\">Cable spacing<\/th>\n<td class=\"ce-product-features__value\">30cm<\/td>\n<\/tr>\n<tr class=\"ce-product-features__row\">\n<th class=\"ce-product-features__label\">Poids<\/th>\n<td class=\"ce-product-features__value\">3,50kg<\/td>\n<\/tr>\n<tr class=\"ce-product-features__row\">\n<th class=\"ce-product-features__label\">Attachment system<\/th>\n<td class=\"ce-product-features__value\">To fix on 2 parallel wire ropes<\/td>\n<\/tr>\n<tr class=\"ce-product-features__row\">\n<th class=\"ce-product-features__label\">Option<\/th>\n<td class=\"ce-product-features__value\">Single-sided or double-sided printing<\/td>\n<\/tr>\n<\/tbody>\n<\/table>","protected":false},"excerpt":{"rendered":"<p>These islands are made from 18 mm thick Okoum\u00e9 plywood. Each board measures 500 mm in diameter and is designed for a cable spacing of 300 mm, adapted to standard spacings. The Passage Savane is offered in half-families (4 units) or complete families (8 units) depending on\u00a0your needs. Quartet 1 is composed of the giraffe, gorilla, panther and lion. Quartet 2 is composed of\u00a0the elephant, baboon, hippopotamus and wildebeest. Specifications Nombre d&#8217;unit\u00e9s Sold in half or full collection (8 units) assembly accessories Supplied Largeur 33 mm Thickness 18mm Diam\u00e8tre 500 mm Mati\u00e8re Okoum\u00e9-faced plywood Cable spacing 30cm Poids 3,50kg Attachment system To fix on 2 parallel wire ropes Option Single-sided [&hellip;]<\/p>","protected":false},"featured_media":7727,"comment_status":"open","ping_status":"closed","template":"","meta":{"site-sidebar-layout":"default","site-content-layout":"","ast-site-content-layout":"default","site-content-style":"default","site-sidebar-style":"default","ast-global-header-display":"","ast-banner-title-visibility":"","ast-main-header-display":"","ast-hfb-above-header-display":"","ast-hfb-below-header-display":"","ast-hfb-mobile-header-display":"","site-post-title":"","ast-breadcrumbs-content":"","ast-featured-img":"","footer-sml-layout":"","theme-transparent-header-meta":"default","adv-header-id-meta":"","stick-header-meta":"","header-above-stick-meta":"","header-main-stick-meta":"","header-below-stick-meta":"","astra-migrate-meta-layouts":"set","ast-page-background-enabled":"default","ast-page-background-meta":{"desktop":{"background-color":"","background-image":"","background-repeat":"repeat","background-position":"center center","background-size":"auto","background-attachment":"scroll","background-type":"","background-media":"","overlay-type":"","overlay-color":"","overlay-opacity":"","overlay-gradient":""},"tablet":{"background-color":"","background-image":"","background-repeat":"repeat","background-position":"center center","background-size":"auto","background-attachment":"scroll","background-type":"","background-media":"","overlay-type":"","overlay-color":"","overlay-opacity":"","overlay-gradient":""},"mobile":{"background-color":"","background-image":"","background-repeat":"repeat","background-position":"center center","background-size":"auto","background-attachment":"scroll","background-type":"","background-media":"","overlay-type":"","overlay-color":"","overlay-opacity":"","overlay-gradient":""}},"ast-content-background-meta":{"desktop":{"background-color":"var(--ast-global-color-5)","background-image":"","background-repeat":"repeat","background-position":"center center","background-size":"auto","background-attachment":"scroll","background-type":"","background-media":"","overlay-type":"","overlay-color":"","overlay-opacity":"","overlay-gradient":""},"tablet":{"background-color":"var(--ast-global-color-5)","background-image":"","background-repeat":"repeat","background-position":"center center","background-size":"auto","background-attachment":"scroll","background-type":"","background-media":"","overlay-type":"","overlay-color":"","overlay-opacity":"","overlay-gradient":""},"mobile":{"background-color":"var(--ast-global-color-5)","background-image":"","background-repeat":"repeat","background-position":"center center","background-size":"auto","background-attachment":"scroll","background-type":"","background-media":"","overlay-type":"","overlay-color":"","overlay-opacity":"","overlay-gradient":""}}},"product_brand":[],"product_cat":[92],"product_tag":[],"class_list":{"0":"post-7726","1":"product","2":"type-product","3":"status-publish","4":"has-post-thumbnail","6":"product_cat-ropes-course-elements","7":"desktop-align-left","8":"tablet-align-left","9":"mobile-align-left","11":"first","12":"instock","13":"shipping-taxable","14":"purchasable","15":"product-type-simple"},"_links":{"self":[{"href":"https:\/\/culpeo.cn\/ja\/wp-json\/wp\/v2\/product\/7726","targetHints":{"allow":["GET"]}}],"collection":[{"href":"https:\/\/culpeo.cn\/ja\/wp-json\/wp\/v2\/product"}],"about":[{"href":"https:\/\/culpeo.cn\/ja\/wp-json\/wp\/v2\/types\/product"}],"replies":[{"embeddable":true,"href":"https:\/\/culpeo.cn\/ja\/wp-json\/wp\/v2\/comments?post=7726"}],"version-history":[{"count":1,"href":"https:\/\/culpeo.cn\/ja\/wp-json\/wp\/v2\/product\/7726\/revisions"}],"predecessor-version":[{"id":7732,"href":"https:\/\/culpeo.cn\/ja\/wp-json\/wp\/v2\/product\/7726\/revisions\/7732"}],"wp:featuredmedia":[{"embeddable":true,"href":"https:\/\/culpeo.cn\/ja\/wp-json\/wp\/v2\/media\/7727"}],"wp:attachment":[{"href":"https:\/\/culpeo.cn\/ja\/wp-json\/wp\/v2\/media?parent=7726"}],"wp:term":[{"taxonomy":"product_brand","embeddable":true,"href":"https:\/\/culpeo.cn\/ja\/wp-json\/wp\/v2\/product_brand?post=7726"},{"taxonomy":"product_cat","embeddable":true,"href":"https:\/\/culpeo.cn\/ja\/wp-json\/wp\/v2\/product_cat?post=7726"},{"taxonomy":"product_tag","embeddable":true,"href":"https:\/\/culpeo.cn\/ja\/wp-json\/wp\/v2\/product_tag?post=7726"}],"curies":[{"name":"wp","href":"https:\/\/api.w.org\/{rel}","templated":true}]}}