{"id":7733,"date":"2026-01-22T09:23:31","date_gmt":"2026-01-22T09:23:31","guid":{"rendered":"https:\/\/culpeo.cn\/?post_type=product&#038;p=7733"},"modified":"2026-01-22T09:23:31","modified_gmt":"2026-01-22T09:23:31","slug":"moving-bridge-wooden-game-composed-of-straps","status":"publish","type":"product","link":"https:\/\/culpeo.cn\/ja\/product\/moving-bridge-wooden-game-composed-of-straps\/","title":{"rendered":"Moving Bridge : wooden game composed of straps"},"content":{"rendered":"<p>This game module is a 2 m element composed of :<\/p>\n<p>4 straps of 50 mm width in black color,<\/p>\n<p>2 logs of 100 mm diameter with threaded rod of 16 mm diameter,<\/p>\n<p>2 fixing rings at each end.<\/p>\n<p>The straps are sewn around the threaded rod to ensure better resistance.The Moving Bridge is a medium difficulty treetop adventure game, perfect for intermediate courses.\u00a0The bridge is essentially designed with straps on which the users will have to play with their balance in\u00a0order to cross it.<\/p>\n<h3 class=\"elementor-heading-title\">Specifications<\/h3>\n<table class=\"ce-product-features\" width=\"880\">\n<tbody>\n<tr class=\"ce-product-features__row firstRow\">\n<th class=\"ce-product-features__label\">Nombre d&#8217;unit\u00e9s<\/th>\n<td class=\"ce-product-features__value\">1<\/td>\n<\/tr>\n<tr class=\"ce-product-features__row\">\n<th class=\"ce-product-features__label\">assembly accessories<\/th>\n<td class=\"ce-product-features__value\">Supplied<\/td>\n<\/tr>\n<tr class=\"ce-product-features__row\">\n<th class=\"ce-product-features__label\">Mati\u00e8re<\/th>\n<td class=\"ce-product-features__value\">pine autoclave class 4<\/td>\n<\/tr>\n<tr class=\"ce-product-features__row\">\n<th class=\"ce-product-features__label\">Poids<\/th>\n<td class=\"ce-product-features__value\">11 kg<\/td>\n<\/tr>\n<tr class=\"ce-product-features__row\">\n<th class=\"ce-product-features__label\">Compositions<\/th>\n<td class=\"ce-product-features__value\">2 wood logs \u00d8 100 mm threaded rod \u00d8 16 mm.4 sewn straps 50 mm around the threaded rod<\/td>\n<\/tr>\n<tr class=\"ce-product-features__row\">\n<th class=\"ce-product-features__label\">Attachment system<\/th>\n<td class=\"ce-product-features__value\">2 fixation rings at each end.<\/td>\n<\/tr>\n<\/tbody>\n<\/table>","protected":false},"excerpt":{"rendered":"<p>This game module is a 2 m element composed of : 4 straps of 50 mm width in black color, 2 logs of 100 mm diameter with threaded rod of 16 mm diameter, 2 fixing rings at each end. The straps are sewn around the threaded rod to ensure better resistance.The Moving Bridge is a medium difficulty treetop adventure game, perfect for intermediate courses.\u00a0The bridge is essentially designed with straps on which the users will have to play with their balance in\u00a0order to cross it. Specifications Nombre d&#8217;unit\u00e9s 1 assembly accessories Supplied Mati\u00e8re pine autoclave class 4 Poids 11 kg Compositions 2 wood logs \u00d8 100 mm threaded rod \u00d8 [&hellip;]<\/p>","protected":false},"featured_media":7734,"comment_status":"open","ping_status":"closed","template":"","meta":{"site-sidebar-layout":"default","site-content-layout":"","ast-site-content-layout":"default","site-content-style":"default","site-sidebar-style":"default","ast-global-header-display":"","ast-banner-title-visibility":"","ast-main-header-display":"","ast-hfb-above-header-display":"","ast-hfb-below-header-display":"","ast-hfb-mobile-header-display":"","site-post-title":"","ast-breadcrumbs-content":"","ast-featured-img":"","footer-sml-layout":"","theme-transparent-header-meta":"default","adv-header-id-meta":"","stick-header-meta":"","header-above-stick-meta":"","header-main-stick-meta":"","header-below-stick-meta":"","astra-migrate-meta-layouts":"set","ast-page-background-enabled":"default","ast-page-background-meta":{"desktop":{"background-color":"","background-image":"","background-repeat":"repeat","background-position":"center center","background-size":"auto","background-attachment":"scroll","background-type":"","background-media":"","overlay-type":"","overlay-color":"","overlay-opacity":"","overlay-gradient":""},"tablet":{"background-color":"","background-image":"","background-repeat":"repeat","background-position":"center center","background-size":"auto","background-attachment":"scroll","background-type":"","background-media":"","overlay-type":"","overlay-color":"","overlay-opacity":"","overlay-gradient":""},"mobile":{"background-color":"","background-image":"","background-repeat":"repeat","background-position":"center center","background-size":"auto","background-attachment":"scroll","background-type":"","background-media":"","overlay-type":"","overlay-color":"","overlay-opacity":"","overlay-gradient":""}},"ast-content-background-meta":{"desktop":{"background-color":"var(--ast-global-color-5)","background-image":"","background-repeat":"repeat","background-position":"center center","background-size":"auto","background-attachment":"scroll","background-type":"","background-media":"","overlay-type":"","overlay-color":"","overlay-opacity":"","overlay-gradient":""},"tablet":{"background-color":"var(--ast-global-color-5)","background-image":"","background-repeat":"repeat","background-position":"center center","background-size":"auto","background-attachment":"scroll","background-type":"","background-media":"","overlay-type":"","overlay-color":"","overlay-opacity":"","overlay-gradient":""},"mobile":{"background-color":"var(--ast-global-color-5)","background-image":"","background-repeat":"repeat","background-position":"center center","background-size":"auto","background-attachment":"scroll","background-type":"","background-media":"","overlay-type":"","overlay-color":"","overlay-opacity":"","overlay-gradient":""}}},"product_brand":[],"product_cat":[92],"product_tag":[],"class_list":{"0":"post-7733","1":"product","2":"type-product","3":"status-publish","4":"has-post-thumbnail","6":"product_cat-ropes-course-elements","7":"desktop-align-left","8":"tablet-align-left","9":"mobile-align-left","11":"first","12":"instock","13":"shipping-taxable","14":"purchasable","15":"product-type-simple"},"_links":{"self":[{"href":"https:\/\/culpeo.cn\/ja\/wp-json\/wp\/v2\/product\/7733","targetHints":{"allow":["GET"]}}],"collection":[{"href":"https:\/\/culpeo.cn\/ja\/wp-json\/wp\/v2\/product"}],"about":[{"href":"https:\/\/culpeo.cn\/ja\/wp-json\/wp\/v2\/types\/product"}],"replies":[{"embeddable":true,"href":"https:\/\/culpeo.cn\/ja\/wp-json\/wp\/v2\/comments?post=7733"}],"version-history":[{"count":1,"href":"https:\/\/culpeo.cn\/ja\/wp-json\/wp\/v2\/product\/7733\/revisions"}],"predecessor-version":[{"id":7738,"href":"https:\/\/culpeo.cn\/ja\/wp-json\/wp\/v2\/product\/7733\/revisions\/7738"}],"wp:featuredmedia":[{"embeddable":true,"href":"https:\/\/culpeo.cn\/ja\/wp-json\/wp\/v2\/media\/7734"}],"wp:attachment":[{"href":"https:\/\/culpeo.cn\/ja\/wp-json\/wp\/v2\/media?parent=7733"}],"wp:term":[{"taxonomy":"product_brand","embeddable":true,"href":"https:\/\/culpeo.cn\/ja\/wp-json\/wp\/v2\/product_brand?post=7733"},{"taxonomy":"product_cat","embeddable":true,"href":"https:\/\/culpeo.cn\/ja\/wp-json\/wp\/v2\/product_cat?post=7733"},{"taxonomy":"product_tag","embeddable":true,"href":"https:\/\/culpeo.cn\/ja\/wp-json\/wp\/v2\/product_tag?post=7733"}],"curies":[{"name":"wp","href":"https:\/\/api.w.org\/{rel}","templated":true}]}}