{"id":6591,"date":"2025-12-30T08:20:07","date_gmt":"2025-12-30T08:20:07","guid":{"rendered":"https:\/\/culpeo.cn\/?post_type=product&#038;p=6591"},"modified":"2025-12-30T08:48:07","modified_gmt":"2025-12-30T08:48:07","slug":"complete-trapeze-log-o80-mm-x60-cm-2-ropes","status":"publish","type":"product","link":"https:\/\/culpeo.cn\/ko\/product\/complete-trapeze-log-o80-mm-x60-cm-2-ropes\/","title":{"rendered":"Complete trapeze log \u00d880 mm x60 cm + 2 ropes"},"content":{"rendered":"<p>Complete trapeze log \u00d880 mm x 60 cm (\u00d83,15 x 23,62 in) + 2 ropes<\/p>\n<p>Specifikation\uff1a<\/p>\n<p>ropes 1,15 m (3,77 ft)<\/p>\n<p>ropes 2,10 m (6,89 ft)<\/p>","protected":false},"excerpt":{"rendered":"<p>Complete trapeze log \u00d880 mm x 60 cm (\u00d83,15 x 23,62 in) + 2 ropes Specifikation\uff1a ropes 1,15 m (3,77 ft) ropes 2,10 m (6,89 ft)<\/p>","protected":false},"featured_media":6594,"comment_status":"open","ping_status":"closed","template":"","meta":{"site-sidebar-layout":"default","site-content-layout":"","ast-site-content-layout":"default","site-content-style":"default","site-sidebar-style":"default","ast-global-header-display":"","ast-banner-title-visibility":"","ast-main-header-display":"","ast-hfb-above-header-display":"","ast-hfb-below-header-display":"","ast-hfb-mobile-header-display":"","site-post-title":"","ast-breadcrumbs-content":"","ast-featured-img":"","footer-sml-layout":"","theme-transparent-header-meta":"default","adv-header-id-meta":"","stick-header-meta":"","header-above-stick-meta":"","header-main-stick-meta":"","header-below-stick-meta":"","astra-migrate-meta-layouts":"set","ast-page-background-enabled":"default","ast-page-background-meta":{"desktop":{"background-color":"","background-image":"","background-repeat":"repeat","background-position":"center center","background-size":"auto","background-attachment":"scroll","background-type":"","background-media":"","overlay-type":"","overlay-color":"","overlay-opacity":"","overlay-gradient":""},"tablet":{"background-color":"","background-image":"","background-repeat":"repeat","background-position":"center center","background-size":"auto","background-attachment":"scroll","background-type":"","background-media":"","overlay-type":"","overlay-color":"","overlay-opacity":"","overlay-gradient":""},"mobile":{"background-color":"","background-image":"","background-repeat":"repeat","background-position":"center center","background-size":"auto","background-attachment":"scroll","background-type":"","background-media":"","overlay-type":"","overlay-color":"","overlay-opacity":"","overlay-gradient":""}},"ast-content-background-meta":{"desktop":{"background-color":"var(--ast-global-color-5)","background-image":"","background-repeat":"repeat","background-position":"center center","background-size":"auto","background-attachment":"scroll","background-type":"","background-media":"","overlay-type":"","overlay-color":"","overlay-opacity":"","overlay-gradient":""},"tablet":{"background-color":"var(--ast-global-color-5)","background-image":"","background-repeat":"repeat","background-position":"center center","background-size":"auto","background-attachment":"scroll","background-type":"","background-media":"","overlay-type":"","overlay-color":"","overlay-opacity":"","overlay-gradient":""},"mobile":{"background-color":"var(--ast-global-color-5)","background-image":"","background-repeat":"repeat","background-position":"center center","background-size":"auto","background-attachment":"scroll","background-type":"","background-media":"","overlay-type":"","overlay-color":"","overlay-opacity":"","overlay-gradient":""}}},"product_brand":[],"product_cat":[92],"product_tag":[],"class_list":{"0":"post-6591","1":"product","2":"type-product","3":"status-publish","4":"has-post-thumbnail","6":"product_cat-ropes-course-elements","7":"desktop-align-left","8":"tablet-align-left","9":"mobile-align-left","11":"first","12":"instock","13":"shipping-taxable","14":"purchasable","15":"product-type-variable"},"_links":{"self":[{"href":"https:\/\/culpeo.cn\/ko\/wp-json\/wp\/v2\/product\/6591","targetHints":{"allow":["GET"]}}],"collection":[{"href":"https:\/\/culpeo.cn\/ko\/wp-json\/wp\/v2\/product"}],"about":[{"href":"https:\/\/culpeo.cn\/ko\/wp-json\/wp\/v2\/types\/product"}],"replies":[{"embeddable":true,"href":"https:\/\/culpeo.cn\/ko\/wp-json\/wp\/v2\/comments?post=6591"}],"version-history":[{"count":1,"href":"https:\/\/culpeo.cn\/ko\/wp-json\/wp\/v2\/product\/6591\/revisions"}],"predecessor-version":[{"id":6595,"href":"https:\/\/culpeo.cn\/ko\/wp-json\/wp\/v2\/product\/6591\/revisions\/6595"}],"wp:featuredmedia":[{"embeddable":true,"href":"https:\/\/culpeo.cn\/ko\/wp-json\/wp\/v2\/media\/6594"}],"wp:attachment":[{"href":"https:\/\/culpeo.cn\/ko\/wp-json\/wp\/v2\/media?parent=6591"}],"wp:term":[{"taxonomy":"product_brand","embeddable":true,"href":"https:\/\/culpeo.cn\/ko\/wp-json\/wp\/v2\/product_brand?post=6591"},{"taxonomy":"product_cat","embeddable":true,"href":"https:\/\/culpeo.cn\/ko\/wp-json\/wp\/v2\/product_cat?post=6591"},{"taxonomy":"product_tag","embeddable":true,"href":"https:\/\/culpeo.cn\/ko\/wp-json\/wp\/v2\/product_tag?post=6591"}],"curies":[{"name":"wp","href":"https:\/\/api.w.org\/{rel}","templated":true}]}}