{"id":7395,"date":"2026-01-21T08:39:22","date_gmt":"2026-01-21T08:39:22","guid":{"rendered":"https:\/\/culpeo.cn\/?post_type=product&#038;p=7395"},"modified":"2026-01-21T08:39:57","modified_gmt":"2026-01-21T08:39:57","slug":"the-licorice-path-made-of-flexible-rubber-material-width-250mm","status":"publish","type":"product","link":"https:\/\/culpeo.cn\/ko\/product\/the-licorice-path-made-of-flexible-rubber-material-width-250mm\/","title":{"rendered":"The Licorice Path: made of flexible rubber material width 250mm"},"content":{"rendered":"<p>The Licorice is made of flexible rubber material width 250 mm, equipped with suspension ropes<\/p>\n<p>\u00d8 16 mm with thimble eye and suspension rope. The length of a Licorice may not be less than 2 m.<\/p>\n<p>This module is available in standard polypropylene rope or armed polypropylene rope, depending<\/p>\n<p>on your needs.<\/p>\n<p>The polypropylene rope is available in the following colors: green, beige, blue or black.<\/p>\n<p>You also have the possibility to obtain it in red color but only with reinforced rope.<\/p>\n<p>Specifications<\/p>\n<table class=\"ce-product-features\" style=\"height: 488px\" width=\"651\">\n<tbody>\n<tr class=\"ce-product-features__row firstRow\">\n<th class=\"ce-product-features__label\">Nombre d&#8217;unit\u00e9s<\/th>\n<td class=\"ce-product-features__value\">1<\/td>\n<\/tr>\n<tr class=\"ce-product-features__row\">\n<th class=\"ce-product-features__label\">assembly accessories<\/th>\n<td class=\"ce-product-features__value\">Supplied<\/td>\n<\/tr>\n<tr class=\"ce-product-features__row\">\n<th class=\"ce-product-features__label\">Largeur<\/th>\n<td class=\"ce-product-features__value\">25 cm<\/td>\n<\/tr>\n<tr class=\"ce-product-features__row\">\n<th class=\"ce-product-features__label\">Material of rope<\/th>\n<td class=\"ce-product-features__value\">Polypropyl\u00e8ne ou polypropyl\u00e8ne arm\u00e9<\/td>\n<\/tr>\n<tr class=\"ce-product-features__row\">\n<th class=\"ce-product-features__label\">Lenght of suspensions<\/th>\n<td class=\"ce-product-features__value\">Minimum length: 2m<\/td>\n<\/tr>\n<tr class=\"ce-product-features__row\">\n<th class=\"ce-product-features__label\">Diameter of suspension<\/th>\n<td class=\"ce-product-features__value\">\u00d8 16 mm<\/td>\n<\/tr>\n<tr class=\"ce-product-features__row\">\n<th class=\"ce-product-features__label\">Color of the suspension rope<\/th>\n<td class=\"ce-product-features__value\">Blue, Yellow, Green, Red, Black or Beige<\/td>\n<\/tr>\n<tr class=\"ce-product-features__row\">\n<th class=\"ce-product-features__label\">Poids<\/th>\n<td class=\"ce-product-features__value\">3,50 kg per meter<\/td>\n<\/tr>\n<tr class=\"ce-product-features__row\">\n<th class=\"ce-product-features__label\">Coloris<\/th>\n<td class=\"ce-product-features__value\">beige, blue, yellow, green and black<\/td>\n<\/tr>\n<tr class=\"ce-product-features__row\">\n<th class=\"ce-product-features__label\">Attachment system<\/th>\n<td class=\"ce-product-features__value\">with thimble eye and suspension rope<\/td>\n<\/tr>\n<\/tbody>\n<\/table>","protected":false},"excerpt":{"rendered":"<p>The Licorice is made of flexible rubber material width 250 mm, equipped with suspension ropes \u00d8 16 mm with thimble eye and suspension rope. The length of a Licorice may not be less than 2 m. This module is available in standard polypropylene rope or armed polypropylene rope, depending on your needs. The polypropylene rope [&hellip;]<\/p>","protected":false},"featured_media":7396,"comment_status":"open","ping_status":"closed","template":"","meta":{"site-sidebar-layout":"default","site-content-layout":"","ast-site-content-layout":"default","site-content-style":"default","site-sidebar-style":"default","ast-global-header-display":"","ast-banner-title-visibility":"","ast-main-header-display":"","ast-hfb-above-header-display":"","ast-hfb-below-header-display":"","ast-hfb-mobile-header-display":"","site-post-title":"","ast-breadcrumbs-content":"","ast-featured-img":"","footer-sml-layout":"","theme-transparent-header-meta":"default","adv-header-id-meta":"","stick-header-meta":"","header-above-stick-meta":"","header-main-stick-meta":"","header-below-stick-meta":"","astra-migrate-meta-layouts":"set","ast-page-background-enabled":"default","ast-page-background-meta":{"desktop":{"background-color":"","background-image":"","background-repeat":"repeat","background-position":"center center","background-size":"auto","background-attachment":"scroll","background-type":"","background-media":"","overlay-type":"","overlay-color":"","overlay-opacity":"","overlay-gradient":""},"tablet":{"background-color":"","background-image":"","background-repeat":"repeat","background-position":"center center","background-size":"auto","background-attachment":"scroll","background-type":"","background-media":"","overlay-type":"","overlay-color":"","overlay-opacity":"","overlay-gradient":""},"mobile":{"background-color":"","background-image":"","background-repeat":"repeat","background-position":"center center","background-size":"auto","background-attachment":"scroll","background-type":"","background-media":"","overlay-type":"","overlay-color":"","overlay-opacity":"","overlay-gradient":""}},"ast-content-background-meta":{"desktop":{"background-color":"var(--ast-global-color-5)","background-image":"","background-repeat":"repeat","background-position":"center center","background-size":"auto","background-attachment":"scroll","background-type":"","background-media":"","overlay-type":"","overlay-color":"","overlay-opacity":"","overlay-gradient":""},"tablet":{"background-color":"var(--ast-global-color-5)","background-image":"","background-repeat":"repeat","background-position":"center center","background-size":"auto","background-attachment":"scroll","background-type":"","background-media":"","overlay-type":"","overlay-color":"","overlay-opacity":"","overlay-gradient":""},"mobile":{"background-color":"var(--ast-global-color-5)","background-image":"","background-repeat":"repeat","background-position":"center center","background-size":"auto","background-attachment":"scroll","background-type":"","background-media":"","overlay-type":"","overlay-color":"","overlay-opacity":"","overlay-gradient":""}}},"product_brand":[],"product_cat":[92],"product_tag":[],"class_list":{"0":"post-7395","1":"product","2":"type-product","3":"status-publish","4":"has-post-thumbnail","6":"product_cat-ropes-course-elements","7":"desktop-align-left","8":"tablet-align-left","9":"mobile-align-left","11":"first","12":"instock","13":"shipping-taxable","14":"purchasable","15":"product-type-simple"},"_links":{"self":[{"href":"https:\/\/culpeo.cn\/ko\/wp-json\/wp\/v2\/product\/7395","targetHints":{"allow":["GET"]}}],"collection":[{"href":"https:\/\/culpeo.cn\/ko\/wp-json\/wp\/v2\/product"}],"about":[{"href":"https:\/\/culpeo.cn\/ko\/wp-json\/wp\/v2\/types\/product"}],"replies":[{"embeddable":true,"href":"https:\/\/culpeo.cn\/ko\/wp-json\/wp\/v2\/comments?post=7395"}],"version-history":[{"count":1,"href":"https:\/\/culpeo.cn\/ko\/wp-json\/wp\/v2\/product\/7395\/revisions"}],"predecessor-version":[{"id":7399,"href":"https:\/\/culpeo.cn\/ko\/wp-json\/wp\/v2\/product\/7395\/revisions\/7399"}],"wp:featuredmedia":[{"embeddable":true,"href":"https:\/\/culpeo.cn\/ko\/wp-json\/wp\/v2\/media\/7396"}],"wp:attachment":[{"href":"https:\/\/culpeo.cn\/ko\/wp-json\/wp\/v2\/media?parent=7395"}],"wp:term":[{"taxonomy":"product_brand","embeddable":true,"href":"https:\/\/culpeo.cn\/ko\/wp-json\/wp\/v2\/product_brand?post=7395"},{"taxonomy":"product_cat","embeddable":true,"href":"https:\/\/culpeo.cn\/ko\/wp-json\/wp\/v2\/product_cat?post=7395"},{"taxonomy":"product_tag","embeddable":true,"href":"https:\/\/culpeo.cn\/ko\/wp-json\/wp\/v2\/product_tag?post=7395"}],"curies":[{"name":"wp","href":"https:\/\/api.w.org\/{rel}","templated":true}]}}