{"id":7440,"date":"2026-01-21T09:03:08","date_gmt":"2026-01-21T09:03:08","guid":{"rendered":"https:\/\/culpeo.cn\/?post_type=product&#038;p=7440"},"modified":"2026-01-21T09:03:08","modified_gmt":"2026-01-21T09:03:08","slug":"adventure-park-slide-down-the-obstacle-zip-line","status":"publish","type":"product","link":"https:\/\/culpeo.cn\/ko\/product\/adventure-park-slide-down-the-obstacle-zip-line\/","title":{"rendered":"Adventure Park Slide down the obstacle zip line"},"content":{"rendered":"<p>The Rising Zip-line is composed of 2 splices spliced in a ring connected to a pulley by a swivel. They make the link with the spreader log and the lines in textured polypropylene rope \u00d8 16 mm are braided with a central splice. Thanks to its Non-slip exterior plywood board seat fixed to 2 logs of 100 mm diameter, your users will remain stable to reach the next playing platform safely.<\/p>\n<h3 class=\"elementor-heading-title\">Specifications<\/h3>\n<table class=\"ce-product-features\" width=\"880\">\n<tbody>\n<tr class=\"ce-product-features__row firstRow\">\n<th class=\"ce-product-features__label\">Nombre d&#8217;unit\u00e9s<\/th>\n<td class=\"ce-product-features__value\">1<\/td>\n<\/tr>\n<tr class=\"ce-product-features__row\">\n<th class=\"ce-product-features__label\">Mati\u00e8re<\/th>\n<td class=\"ce-product-features__value\">assise en planche antid\u00e9rapante fix\u00e9e \u00e0 2 rondins de 100 mm de diam\u00e8tre<\/td>\n<\/tr>\n<tr class=\"ce-product-features__row\">\n<th class=\"ce-product-features__label\">Compositions<\/th>\n<td class=\"ce-product-features__value\">2 \u00e9pissures coss\u00e9es dans un anneau reli\u00e9 \u00e0 une poulie par un \u00e9merillon<\/td>\n<\/tr>\n<\/tbody>\n<\/table>","protected":false},"excerpt":{"rendered":"<p>The Rising Zip-line is composed of 2 splices spliced in a ring connected to a pulley by a swivel. They make the link with the spreader log and the lines in textured polypropylene rope \u00d8 16 mm are braided with a central splice. Thanks to its Non-slip exterior plywood board seat fixed to 2 logs [&hellip;]<\/p>","protected":false},"featured_media":7442,"comment_status":"open","ping_status":"closed","template":"","meta":{"site-sidebar-layout":"default","site-content-layout":"","ast-site-content-layout":"default","site-content-style":"default","site-sidebar-style":"default","ast-global-header-display":"","ast-banner-title-visibility":"","ast-main-header-display":"","ast-hfb-above-header-display":"","ast-hfb-below-header-display":"","ast-hfb-mobile-header-display":"","site-post-title":"","ast-breadcrumbs-content":"","ast-featured-img":"","footer-sml-layout":"","theme-transparent-header-meta":"default","adv-header-id-meta":"","stick-header-meta":"","header-above-stick-meta":"","header-main-stick-meta":"","header-below-stick-meta":"","astra-migrate-meta-layouts":"set","ast-page-background-enabled":"default","ast-page-background-meta":{"desktop":{"background-color":"","background-image":"","background-repeat":"repeat","background-position":"center center","background-size":"auto","background-attachment":"scroll","background-type":"","background-media":"","overlay-type":"","overlay-color":"","overlay-opacity":"","overlay-gradient":""},"tablet":{"background-color":"","background-image":"","background-repeat":"repeat","background-position":"center center","background-size":"auto","background-attachment":"scroll","background-type":"","background-media":"","overlay-type":"","overlay-color":"","overlay-opacity":"","overlay-gradient":""},"mobile":{"background-color":"","background-image":"","background-repeat":"repeat","background-position":"center center","background-size":"auto","background-attachment":"scroll","background-type":"","background-media":"","overlay-type":"","overlay-color":"","overlay-opacity":"","overlay-gradient":""}},"ast-content-background-meta":{"desktop":{"background-color":"var(--ast-global-color-5)","background-image":"","background-repeat":"repeat","background-position":"center center","background-size":"auto","background-attachment":"scroll","background-type":"","background-media":"","overlay-type":"","overlay-color":"","overlay-opacity":"","overlay-gradient":""},"tablet":{"background-color":"var(--ast-global-color-5)","background-image":"","background-repeat":"repeat","background-position":"center center","background-size":"auto","background-attachment":"scroll","background-type":"","background-media":"","overlay-type":"","overlay-color":"","overlay-opacity":"","overlay-gradient":""},"mobile":{"background-color":"var(--ast-global-color-5)","background-image":"","background-repeat":"repeat","background-position":"center center","background-size":"auto","background-attachment":"scroll","background-type":"","background-media":"","overlay-type":"","overlay-color":"","overlay-opacity":"","overlay-gradient":""}}},"product_brand":[],"product_cat":[92],"product_tag":[],"class_list":{"0":"post-7440","1":"product","2":"type-product","3":"status-publish","4":"has-post-thumbnail","6":"product_cat-ropes-course-elements","7":"desktop-align-left","8":"tablet-align-left","9":"mobile-align-left","11":"first","12":"instock","13":"shipping-taxable","14":"purchasable","15":"product-type-simple"},"_links":{"self":[{"href":"https:\/\/culpeo.cn\/ko\/wp-json\/wp\/v2\/product\/7440","targetHints":{"allow":["GET"]}}],"collection":[{"href":"https:\/\/culpeo.cn\/ko\/wp-json\/wp\/v2\/product"}],"about":[{"href":"https:\/\/culpeo.cn\/ko\/wp-json\/wp\/v2\/types\/product"}],"replies":[{"embeddable":true,"href":"https:\/\/culpeo.cn\/ko\/wp-json\/wp\/v2\/comments?post=7440"}],"version-history":[{"count":1,"href":"https:\/\/culpeo.cn\/ko\/wp-json\/wp\/v2\/product\/7440\/revisions"}],"predecessor-version":[{"id":7443,"href":"https:\/\/culpeo.cn\/ko\/wp-json\/wp\/v2\/product\/7440\/revisions\/7443"}],"wp:featuredmedia":[{"embeddable":true,"href":"https:\/\/culpeo.cn\/ko\/wp-json\/wp\/v2\/media\/7442"}],"wp:attachment":[{"href":"https:\/\/culpeo.cn\/ko\/wp-json\/wp\/v2\/media?parent=7440"}],"wp:term":[{"taxonomy":"product_brand","embeddable":true,"href":"https:\/\/culpeo.cn\/ko\/wp-json\/wp\/v2\/product_brand?post=7440"},{"taxonomy":"product_cat","embeddable":true,"href":"https:\/\/culpeo.cn\/ko\/wp-json\/wp\/v2\/product_cat?post=7440"},{"taxonomy":"product_tag","embeddable":true,"href":"https:\/\/culpeo.cn\/ko\/wp-json\/wp\/v2\/product_tag?post=7440"}],"curies":[{"name":"wp","href":"https:\/\/api.w.org\/{rel}","templated":true}]}}