{"id":7588,"date":"2026-01-22T06:44:37","date_gmt":"2026-01-22T06:44:37","guid":{"rendered":"https:\/\/culpeo.cn\/?post_type=product&#038;p=7588"},"modified":"2026-01-22T06:50:45","modified_gmt":"2026-01-22T06:50:45","slug":"treetop-adventure-parks-zigzag-rope","status":"publish","type":"product","link":"https:\/\/culpeo.cn\/ru\/product\/treetop-adventure-parks-zigzag-rope\/","title":{"rendered":"Treetop Adventure Parks Hand Rope"},"content":{"rendered":"<p>The Zigzag Rope is made of \u00d820mm polyethylene rope in dark green colour.\u00a0The module measures 3m. It is designed with thimble eye and suspension ring at each end.\u00a0You will also find 3 knots so that you can block the rings to fix the rope every meter.The Zigzag Rope is designed for a cable spacing of 0.65m. The fixing material is not supplied.\u00a0Remember to add the cable ties and U-form spacers necessary for its installation.<\/p>\n<h3 class=\"elementor-heading-title\">Specifications<\/h3>\n<table class=\"ce-product-features\" width=\"880\">\n<tbody>\n<tr class=\"ce-product-features__row firstRow\">\n<th class=\"ce-product-features__label\">Nombre d&#8217;unit\u00e9s<\/th>\n<td class=\"ce-product-features__value\">1<\/td>\n<\/tr>\n<tr class=\"ce-product-features__row\">\n<th class=\"ce-product-features__label\">assembly accessories<\/th>\n<td class=\"ce-product-features__value\">Sold separately<\/td>\n<\/tr>\n<tr class=\"ce-product-features__row\">\n<th class=\"ce-product-features__label\">Longueur<\/th>\n<td class=\"ce-product-features__value\">4 m<\/td>\n<\/tr>\n<tr class=\"ce-product-features__row\">\n<th class=\"ce-product-features__label\">Rope diameter<\/th>\n<td class=\"ce-product-features__value\">\u00d820 mm<\/td>\n<\/tr>\n<tr class=\"ce-product-features__row\">\n<th class=\"ce-product-features__label\">Material of rope<\/th>\n<td class=\"ce-product-features__value\">Poly\u00e9thyl\u00e8ne<\/td>\n<\/tr>\n<tr class=\"ce-product-features__row\">\n<th class=\"ce-product-features__label\">Color of the suspension rope<\/th>\n<td class=\"ce-product-features__value\">Green<\/td>\n<\/tr>\n<tr class=\"ce-product-features__row\">\n<th class=\"ce-product-features__label\">Cable spacing<\/th>\n<td class=\"ce-product-features__value\">65 cm<\/td>\n<\/tr>\n<tr class=\"ce-product-features__row\">\n<th class=\"ce-product-features__label\">Poids<\/th>\n<td class=\"ce-product-features__value\">2 kg<\/td>\n<\/tr>\n<tr class=\"ce-product-features__row\">\n<th class=\"ce-product-features__label\">Compositions<\/th>\n<td class=\"ce-product-features__value\">Reinforced suspension loopsand rings at both ends.<\/td>\n<\/tr>\n<tr class=\"ce-product-features__row\">\n<th class=\"ce-product-features__label\">Attachment system<\/th>\n<td class=\"ce-product-features__value\">serre-c\u00e2bles et \u00e9carteurs en U (vendus s\u00e9par\u00e9ment)<\/td>\n<\/tr>\n<\/tbody>\n<\/table>","protected":false},"excerpt":{"rendered":"<p>The Zigzag Rope is made of \u00d820mm polyethylene rope in dark green colour.\u00a0The module measures 3m. It is designed with thimble eye and suspension ring at each end.\u00a0You will also find 3 knots so that you can block the rings to fix the rope every meter.The Zigzag Rope is designed for a cable spacing of [&hellip;]<\/p>","protected":false},"featured_media":7589,"comment_status":"open","ping_status":"closed","template":"","meta":{"site-sidebar-layout":"default","site-content-layout":"","ast-site-content-layout":"default","site-content-style":"default","site-sidebar-style":"default","ast-global-header-display":"","ast-banner-title-visibility":"","ast-main-header-display":"","ast-hfb-above-header-display":"","ast-hfb-below-header-display":"","ast-hfb-mobile-header-display":"","site-post-title":"","ast-breadcrumbs-content":"","ast-featured-img":"","footer-sml-layout":"","theme-transparent-header-meta":"default","adv-header-id-meta":"","stick-header-meta":"","header-above-stick-meta":"","header-main-stick-meta":"","header-below-stick-meta":"","astra-migrate-meta-layouts":"set","ast-page-background-enabled":"default","ast-page-background-meta":{"desktop":{"background-color":"","background-image":"","background-repeat":"repeat","background-position":"center center","background-size":"auto","background-attachment":"scroll","background-type":"","background-media":"","overlay-type":"","overlay-color":"","overlay-opacity":"","overlay-gradient":""},"tablet":{"background-color":"","background-image":"","background-repeat":"repeat","background-position":"center center","background-size":"auto","background-attachment":"scroll","background-type":"","background-media":"","overlay-type":"","overlay-color":"","overlay-opacity":"","overlay-gradient":""},"mobile":{"background-color":"","background-image":"","background-repeat":"repeat","background-position":"center center","background-size":"auto","background-attachment":"scroll","background-type":"","background-media":"","overlay-type":"","overlay-color":"","overlay-opacity":"","overlay-gradient":""}},"ast-content-background-meta":{"desktop":{"background-color":"var(--ast-global-color-5)","background-image":"","background-repeat":"repeat","background-position":"center center","background-size":"auto","background-attachment":"scroll","background-type":"","background-media":"","overlay-type":"","overlay-color":"","overlay-opacity":"","overlay-gradient":""},"tablet":{"background-color":"var(--ast-global-color-5)","background-image":"","background-repeat":"repeat","background-position":"center center","background-size":"auto","background-attachment":"scroll","background-type":"","background-media":"","overlay-type":"","overlay-color":"","overlay-opacity":"","overlay-gradient":""},"mobile":{"background-color":"var(--ast-global-color-5)","background-image":"","background-repeat":"repeat","background-position":"center center","background-size":"auto","background-attachment":"scroll","background-type":"","background-media":"","overlay-type":"","overlay-color":"","overlay-opacity":"","overlay-gradient":""}}},"product_brand":[],"product_cat":[92],"product_tag":[],"class_list":{"0":"post-7588","1":"product","2":"type-product","3":"status-publish","4":"has-post-thumbnail","6":"product_cat-ropes-course-elements","7":"desktop-align-left","8":"tablet-align-left","9":"mobile-align-left","11":"first","12":"instock","13":"shipping-taxable","14":"purchasable","15":"product-type-simple"},"_links":{"self":[{"href":"https:\/\/culpeo.cn\/ru\/wp-json\/wp\/v2\/product\/7588","targetHints":{"allow":["GET"]}}],"collection":[{"href":"https:\/\/culpeo.cn\/ru\/wp-json\/wp\/v2\/product"}],"about":[{"href":"https:\/\/culpeo.cn\/ru\/wp-json\/wp\/v2\/types\/product"}],"replies":[{"embeddable":true,"href":"https:\/\/culpeo.cn\/ru\/wp-json\/wp\/v2\/comments?post=7588"}],"version-history":[{"count":3,"href":"https:\/\/culpeo.cn\/ru\/wp-json\/wp\/v2\/product\/7588\/revisions"}],"predecessor-version":[{"id":7593,"href":"https:\/\/culpeo.cn\/ru\/wp-json\/wp\/v2\/product\/7588\/revisions\/7593"}],"wp:featuredmedia":[{"embeddable":true,"href":"https:\/\/culpeo.cn\/ru\/wp-json\/wp\/v2\/media\/7589"}],"wp:attachment":[{"href":"https:\/\/culpeo.cn\/ru\/wp-json\/wp\/v2\/media?parent=7588"}],"wp:term":[{"taxonomy":"product_brand","embeddable":true,"href":"https:\/\/culpeo.cn\/ru\/wp-json\/wp\/v2\/product_brand?post=7588"},{"taxonomy":"product_cat","embeddable":true,"href":"https:\/\/culpeo.cn\/ru\/wp-json\/wp\/v2\/product_cat?post=7588"},{"taxonomy":"product_tag","embeddable":true,"href":"https:\/\/culpeo.cn\/ru\/wp-json\/wp\/v2\/product_tag?post=7588"}],"curies":[{"name":"wp","href":"https:\/\/api.w.org\/{rel}","templated":true}]}}