{"id":6543,"date":"2025-12-29T08:27:36","date_gmt":"2025-12-29T08:27:36","guid":{"rendered":"https:\/\/culpeo.cn\/?post_type=product&#038;p=6543"},"modified":"2025-12-29T08:27:36","modified_gmt":"2025-12-29T08:27:36","slug":"repstegsavslutning-for-markforankring","status":"publish","type":"product","link":"https:\/\/culpeo.cn\/zh\/product\/repstegsavslutning-for-markforankring\/","title":{"rendered":"Repstegsavslutning F\u00f6r markf\u00f6rankring"},"content":{"rendered":"<p>Alla repstegar kan f\u00f6rses med ut\u00f6kade rep\u00e4ndar och kedjor f\u00f6r markf\u00f6rankring.<\/p>\n<p>V\u00e4nligen uppge \u00f6nskad l\u00e4ngd vid best\u00e4llning; avst\u00e5nd fr\u00e5n ovankant p\u00e5 markniv\u00e5n och ner till markfundamentet\/<\/p>\n<p>markskruven (upph\u00e4ngningsh\u00f6jd: \u00f6verkant p\u00e5 fallskyddsunderlaget till underkanten p\u00e5 upph\u00e4ngningsbommen).<\/p>\n<p>Specifikation<\/p>\n<p>Artikelnummer: 4826<\/p>","protected":false},"excerpt":{"rendered":"<p>Alla repstegar kan f\u00f6rses med ut\u00f6kade rep\u00e4ndar och kedjor f\u00f6r markf\u00f6rankring. V\u00e4nligen uppge \u00f6nskad l\u00e4ngd vid best\u00e4llning; avst\u00e5nd fr\u00e5n ovankant p\u00e5 markniv\u00e5n och ner till markfundamentet\/ markskruven (upph\u00e4ngningsh\u00f6jd: \u00f6verkant p\u00e5 fallskyddsunderlaget till underkanten p\u00e5 upph\u00e4ngningsbommen). Specifikation Artikelnummer: 4826<\/p>","protected":false},"featured_media":6544,"comment_status":"open","ping_status":"closed","template":"","meta":{"site-sidebar-layout":"default","site-content-layout":"","ast-site-content-layout":"default","site-content-style":"default","site-sidebar-style":"default","ast-global-header-display":"","ast-banner-title-visibility":"","ast-main-header-display":"","ast-hfb-above-header-display":"","ast-hfb-below-header-display":"","ast-hfb-mobile-header-display":"","site-post-title":"","ast-breadcrumbs-content":"","ast-featured-img":"","footer-sml-layout":"","theme-transparent-header-meta":"default","adv-header-id-meta":"","stick-header-meta":"","header-above-stick-meta":"","header-main-stick-meta":"","header-below-stick-meta":"","astra-migrate-meta-layouts":"set","ast-page-background-enabled":"default","ast-page-background-meta":{"desktop":{"background-color":"","background-image":"","background-repeat":"repeat","background-position":"center center","background-size":"auto","background-attachment":"scroll","background-type":"","background-media":"","overlay-type":"","overlay-color":"","overlay-opacity":"","overlay-gradient":""},"tablet":{"background-color":"","background-image":"","background-repeat":"repeat","background-position":"center center","background-size":"auto","background-attachment":"scroll","background-type":"","background-media":"","overlay-type":"","overlay-color":"","overlay-opacity":"","overlay-gradient":""},"mobile":{"background-color":"","background-image":"","background-repeat":"repeat","background-position":"center center","background-size":"auto","background-attachment":"scroll","background-type":"","background-media":"","overlay-type":"","overlay-color":"","overlay-opacity":"","overlay-gradient":""}},"ast-content-background-meta":{"desktop":{"background-color":"var(--ast-global-color-5)","background-image":"","background-repeat":"repeat","background-position":"center center","background-size":"auto","background-attachment":"scroll","background-type":"","background-media":"","overlay-type":"","overlay-color":"","overlay-opacity":"","overlay-gradient":""},"tablet":{"background-color":"var(--ast-global-color-5)","background-image":"","background-repeat":"repeat","background-position":"center center","background-size":"auto","background-attachment":"scroll","background-type":"","background-media":"","overlay-type":"","overlay-color":"","overlay-opacity":"","overlay-gradient":""},"mobile":{"background-color":"var(--ast-global-color-5)","background-image":"","background-repeat":"repeat","background-position":"center center","background-size":"auto","background-attachment":"scroll","background-type":"","background-media":"","overlay-type":"","overlay-color":"","overlay-opacity":"","overlay-gradient":""}}},"product_brand":[],"product_cat":[90],"product_tag":[],"class_list":{"0":"post-6543","1":"product","2":"type-product","3":"status-publish","4":"has-post-thumbnail","6":"product_cat-ropes-accessories","7":"desktop-align-left","8":"tablet-align-left","9":"mobile-align-left","11":"first","12":"instock","13":"shipping-taxable","14":"product-type-simple"},"_links":{"self":[{"href":"https:\/\/culpeo.cn\/zh\/wp-json\/wp\/v2\/product\/6543","targetHints":{"allow":["GET"]}}],"collection":[{"href":"https:\/\/culpeo.cn\/zh\/wp-json\/wp\/v2\/product"}],"about":[{"href":"https:\/\/culpeo.cn\/zh\/wp-json\/wp\/v2\/types\/product"}],"replies":[{"embeddable":true,"href":"https:\/\/culpeo.cn\/zh\/wp-json\/wp\/v2\/comments?post=6543"}],"version-history":[{"count":1,"href":"https:\/\/culpeo.cn\/zh\/wp-json\/wp\/v2\/product\/6543\/revisions"}],"predecessor-version":[{"id":6545,"href":"https:\/\/culpeo.cn\/zh\/wp-json\/wp\/v2\/product\/6543\/revisions\/6545"}],"wp:featuredmedia":[{"embeddable":true,"href":"https:\/\/culpeo.cn\/zh\/wp-json\/wp\/v2\/media\/6544"}],"wp:attachment":[{"href":"https:\/\/culpeo.cn\/zh\/wp-json\/wp\/v2\/media?parent=6543"}],"wp:term":[{"taxonomy":"product_brand","embeddable":true,"href":"https:\/\/culpeo.cn\/zh\/wp-json\/wp\/v2\/product_brand?post=6543"},{"taxonomy":"product_cat","embeddable":true,"href":"https:\/\/culpeo.cn\/zh\/wp-json\/wp\/v2\/product_cat?post=6543"},{"taxonomy":"product_tag","embeddable":true,"href":"https:\/\/culpeo.cn\/zh\/wp-json\/wp\/v2\/product_tag?post=6543"}],"curies":[{"name":"wp","href":"https:\/\/api.w.org\/{rel}","templated":true}]}}