{"id":6678,"date":"2026-01-04T08:48:24","date_gmt":"2026-01-04T08:48:24","guid":{"rendered":"https:\/\/culpeo.cn\/?post_type=product&#038;p=6678"},"modified":"2026-01-04T08:48:25","modified_gmt":"2026-01-04T08:48:25","slug":"fi03-white-safety-net-o5-mm-020-in-50-x-50-mm-197-x-197-in-mesh","status":"publish","type":"product","link":"https:\/\/culpeo.cn\/zh\/product\/fi03-white-safety-net-o5-mm-020-in-50-x-50-mm-197-x-197-in-mesh\/","title":{"rendered":"FI03 White safety net \u00d85 mm (0,20 in), 50 x 50 mm (1,97 x 1,97 in) mesh"},"content":{"rendered":"<p>White safety net \u00d85 mm (0,20 in), 50 x 50 mm (1,97 x 1,97 in) mesh<\/p>\n<p>High tenacity polyamide net with knots.<br \/>\n50 x 50 (1,97 x 1,97 in) mesh.<br \/>\n\u00d85 mm (0,20 in) braid.<br \/>\n\u00d812 (0,47 in) polyamide selvedge on the perimeter.<br \/>\nCompliant with AFNOR standard 1263-1.<br \/>\nBreaking strength : 360 kg (793,66 lbs).<br \/>\nIndicative theoretical resistance spread over 1 m\u00b2 : 7 600 kg (16 755,13 lbs).<br \/>\nDimensions: Made to measure.<br \/>\nColour : white.<br \/>\nWeight : 565 g (1,25 lb) \/ m\u00b2<br \/>\nPrice per square meter.<\/p>","protected":false},"excerpt":{"rendered":"<p>White safety net \u00d85 mm (0,20 in), 50 x 50 mm (1,97 x 1,97 in) mesh High tenacity polyamide net with knots. 50 x 50 (1,97 x 1,97 in) mesh. \u00d85 mm (0,20 in) braid. \u00d812 (0,47 in) polyamide selvedge on the perimeter. Compliant with AFNOR standard 1263-1. Breaking strength : 360 kg (793,66 lbs). [&hellip;]<\/p>","protected":false},"featured_media":6679,"comment_status":"open","ping_status":"closed","template":"","meta":{"site-sidebar-layout":"default","site-content-layout":"","ast-site-content-layout":"default","site-content-style":"default","site-sidebar-style":"default","ast-global-header-display":"","ast-banner-title-visibility":"","ast-main-header-display":"","ast-hfb-above-header-display":"","ast-hfb-below-header-display":"","ast-hfb-mobile-header-display":"","site-post-title":"","ast-breadcrumbs-content":"","ast-featured-img":"","footer-sml-layout":"","theme-transparent-header-meta":"default","adv-header-id-meta":"","stick-header-meta":"","header-above-stick-meta":"","header-main-stick-meta":"","header-below-stick-meta":"","astra-migrate-meta-layouts":"set","ast-page-background-enabled":"default","ast-page-background-meta":{"desktop":{"background-color":"","background-image":"","background-repeat":"repeat","background-position":"center center","background-size":"auto","background-attachment":"scroll","background-type":"","background-media":"","overlay-type":"","overlay-color":"","overlay-opacity":"","overlay-gradient":""},"tablet":{"background-color":"","background-image":"","background-repeat":"repeat","background-position":"center center","background-size":"auto","background-attachment":"scroll","background-type":"","background-media":"","overlay-type":"","overlay-color":"","overlay-opacity":"","overlay-gradient":""},"mobile":{"background-color":"","background-image":"","background-repeat":"repeat","background-position":"center center","background-size":"auto","background-attachment":"scroll","background-type":"","background-media":"","overlay-type":"","overlay-color":"","overlay-opacity":"","overlay-gradient":""}},"ast-content-background-meta":{"desktop":{"background-color":"var(--ast-global-color-5)","background-image":"","background-repeat":"repeat","background-position":"center center","background-size":"auto","background-attachment":"scroll","background-type":"","background-media":"","overlay-type":"","overlay-color":"","overlay-opacity":"","overlay-gradient":""},"tablet":{"background-color":"var(--ast-global-color-5)","background-image":"","background-repeat":"repeat","background-position":"center center","background-size":"auto","background-attachment":"scroll","background-type":"","background-media":"","overlay-type":"","overlay-color":"","overlay-opacity":"","overlay-gradient":""},"mobile":{"background-color":"var(--ast-global-color-5)","background-image":"","background-repeat":"repeat","background-position":"center center","background-size":"auto","background-attachment":"scroll","background-type":"","background-media":"","overlay-type":"","overlay-color":"","overlay-opacity":"","overlay-gradient":""}}},"product_brand":[],"product_cat":[92],"product_tag":[],"class_list":{"0":"post-6678","1":"product","2":"type-product","3":"status-publish","4":"has-post-thumbnail","6":"product_cat-ropes-course-elements","7":"desktop-align-left","8":"tablet-align-left","9":"mobile-align-left","11":"first","12":"instock","13":"shipping-taxable","14":"purchasable","15":"product-type-simple"},"_links":{"self":[{"href":"https:\/\/culpeo.cn\/zh\/wp-json\/wp\/v2\/product\/6678","targetHints":{"allow":["GET"]}}],"collection":[{"href":"https:\/\/culpeo.cn\/zh\/wp-json\/wp\/v2\/product"}],"about":[{"href":"https:\/\/culpeo.cn\/zh\/wp-json\/wp\/v2\/types\/product"}],"replies":[{"embeddable":true,"href":"https:\/\/culpeo.cn\/zh\/wp-json\/wp\/v2\/comments?post=6678"}],"version-history":[{"count":1,"href":"https:\/\/culpeo.cn\/zh\/wp-json\/wp\/v2\/product\/6678\/revisions"}],"predecessor-version":[{"id":6680,"href":"https:\/\/culpeo.cn\/zh\/wp-json\/wp\/v2\/product\/6678\/revisions\/6680"}],"wp:featuredmedia":[{"embeddable":true,"href":"https:\/\/culpeo.cn\/zh\/wp-json\/wp\/v2\/media\/6679"}],"wp:attachment":[{"href":"https:\/\/culpeo.cn\/zh\/wp-json\/wp\/v2\/media?parent=6678"}],"wp:term":[{"taxonomy":"product_brand","embeddable":true,"href":"https:\/\/culpeo.cn\/zh\/wp-json\/wp\/v2\/product_brand?post=6678"},{"taxonomy":"product_cat","embeddable":true,"href":"https:\/\/culpeo.cn\/zh\/wp-json\/wp\/v2\/product_cat?post=6678"},{"taxonomy":"product_tag","embeddable":true,"href":"https:\/\/culpeo.cn\/zh\/wp-json\/wp\/v2\/product_tag?post=6678"}],"curies":[{"name":"wp","href":"https:\/\/api.w.org\/{rel}","templated":true}]}}