{"id":6497,"date":"2025-12-29T07:50:57","date_gmt":"2025-12-29T07:50:57","guid":{"rendered":"https:\/\/culpeo.cn\/?post_type=product&#038;p=6497"},"modified":"2025-12-29T07:50:57","modified_gmt":"2025-12-29T07:50:57","slug":"3-vags-schackel-inkl-m10-bult-for-o-16-mm-eller-o-18-mm-herkuleslina","status":"publish","type":"product","link":"https:\/\/culpeo.cn\/zh_hk\/product\/3-vags-schackel-inkl-m10-bult-for-o-16-mm-eller-o-18-mm-herkuleslina\/","title":{"rendered":"3-v\u00e4gs schackel inkl M10 bult F\u00f6r \u00f8 16 mm eller \u00f8 18 mm Herkuleslina"},"content":{"rendered":"<p>3-v\u00e4gs schackel, utan lager, f\u00f6r enpunktsupph\u00e4ngning av tre rep.<\/p>\n<p>F\u00f6r \u00f8 16 mm eller \u00f8 18 mm Herkulesrep.<\/p>\n<p>Specifikation<\/p>\n<p>\u2022 Artikelnummer: 440-20<\/p>","protected":false},"excerpt":{"rendered":"<p>3-v\u00e4gs schackel, utan lager, f\u00f6r enpunktsupph\u00e4ngning av tre rep. F\u00f6r \u00f8 16 mm eller \u00f8 18 mm Herkulesrep. Specifikation \u2022 Artikelnummer: 440-20<\/p>","protected":false},"featured_media":6498,"comment_status":"open","ping_status":"closed","template":"","meta":{"site-sidebar-layout":"default","site-content-layout":"","ast-site-content-layout":"default","site-content-style":"default","site-sidebar-style":"default","ast-global-header-display":"","ast-banner-title-visibility":"","ast-main-header-display":"","ast-hfb-above-header-display":"","ast-hfb-below-header-display":"","ast-hfb-mobile-header-display":"","site-post-title":"","ast-breadcrumbs-content":"","ast-featured-img":"","footer-sml-layout":"","theme-transparent-header-meta":"default","adv-header-id-meta":"","stick-header-meta":"","header-above-stick-meta":"","header-main-stick-meta":"","header-below-stick-meta":"","astra-migrate-meta-layouts":"set","ast-page-background-enabled":"default","ast-page-background-meta":{"desktop":{"background-color":"","background-image":"","background-repeat":"repeat","background-position":"center center","background-size":"auto","background-attachment":"scroll","background-type":"","background-media":"","overlay-type":"","overlay-color":"","overlay-opacity":"","overlay-gradient":""},"tablet":{"background-color":"","background-image":"","background-repeat":"repeat","background-position":"center center","background-size":"auto","background-attachment":"scroll","background-type":"","background-media":"","overlay-type":"","overlay-color":"","overlay-opacity":"","overlay-gradient":""},"mobile":{"background-color":"","background-image":"","background-repeat":"repeat","background-position":"center center","background-size":"auto","background-attachment":"scroll","background-type":"","background-media":"","overlay-type":"","overlay-color":"","overlay-opacity":"","overlay-gradient":""}},"ast-content-background-meta":{"desktop":{"background-color":"var(--ast-global-color-5)","background-image":"","background-repeat":"repeat","background-position":"center center","background-size":"auto","background-attachment":"scroll","background-type":"","background-media":"","overlay-type":"","overlay-color":"","overlay-opacity":"","overlay-gradient":""},"tablet":{"background-color":"var(--ast-global-color-5)","background-image":"","background-repeat":"repeat","background-position":"center center","background-size":"auto","background-attachment":"scroll","background-type":"","background-media":"","overlay-type":"","overlay-color":"","overlay-opacity":"","overlay-gradient":""},"mobile":{"background-color":"var(--ast-global-color-5)","background-image":"","background-repeat":"repeat","background-position":"center center","background-size":"auto","background-attachment":"scroll","background-type":"","background-media":"","overlay-type":"","overlay-color":"","overlay-opacity":"","overlay-gradient":""}}},"product_brand":[],"product_cat":[90],"product_tag":[],"class_list":{"0":"post-6497","1":"product","2":"type-product","3":"status-publish","4":"has-post-thumbnail","6":"product_cat-ropes-accessories","7":"desktop-align-left","8":"tablet-align-left","9":"mobile-align-left","11":"first","12":"instock","13":"shipping-taxable","14":"product-type-simple"},"_links":{"self":[{"href":"https:\/\/culpeo.cn\/zh_hk\/wp-json\/wp\/v2\/product\/6497","targetHints":{"allow":["GET"]}}],"collection":[{"href":"https:\/\/culpeo.cn\/zh_hk\/wp-json\/wp\/v2\/product"}],"about":[{"href":"https:\/\/culpeo.cn\/zh_hk\/wp-json\/wp\/v2\/types\/product"}],"replies":[{"embeddable":true,"href":"https:\/\/culpeo.cn\/zh_hk\/wp-json\/wp\/v2\/comments?post=6497"}],"version-history":[{"count":1,"href":"https:\/\/culpeo.cn\/zh_hk\/wp-json\/wp\/v2\/product\/6497\/revisions"}],"predecessor-version":[{"id":6499,"href":"https:\/\/culpeo.cn\/zh_hk\/wp-json\/wp\/v2\/product\/6497\/revisions\/6499"}],"wp:featuredmedia":[{"embeddable":true,"href":"https:\/\/culpeo.cn\/zh_hk\/wp-json\/wp\/v2\/media\/6498"}],"wp:attachment":[{"href":"https:\/\/culpeo.cn\/zh_hk\/wp-json\/wp\/v2\/media?parent=6497"}],"wp:term":[{"taxonomy":"product_brand","embeddable":true,"href":"https:\/\/culpeo.cn\/zh_hk\/wp-json\/wp\/v2\/product_brand?post=6497"},{"taxonomy":"product_cat","embeddable":true,"href":"https:\/\/culpeo.cn\/zh_hk\/wp-json\/wp\/v2\/product_cat?post=6497"},{"taxonomy":"product_tag","embeddable":true,"href":"https:\/\/culpeo.cn\/zh_hk\/wp-json\/wp\/v2\/product_tag?post=6497"}],"curies":[{"name":"wp","href":"https:\/\/api.w.org\/{rel}","templated":true}]}}