{"id":6521,"date":"2025-12-29T08:15:12","date_gmt":"2025-12-29T08:15:12","guid":{"rendered":"https:\/\/culpeo.cn\/?post_type=product&#038;p=6521"},"modified":"2025-12-29T08:15:53","modified_gmt":"2025-12-29T08:15:53","slug":"katting-inklusive-nylonadapter-varmforzinkad-10-cm-lang-katting","status":"publish","type":"product","link":"https:\/\/culpeo.cn\/zh_hk\/product\/katting-inklusive-nylonadapter-varmforzinkad-10-cm-lang-katting\/","title":{"rendered":"K\u00c4TTING, INKLUSIVE NYLONADAPTER Varmf\u00f6rzinkad, 10 cm l\u00e5ng k\u00e4tting"},"content":{"rendered":"<p>K\u00e4tting, varmf\u00f6rzinkad. L\u00e4ngd: 10 cm. Annan l\u00e4ngd p\u00e5 f\u00f6rfr\u00e5gan.<\/p>\n<p>Inklusive svart eller beige nylonadapter.<\/p>\n<p>Specifikation<\/p>\n<p>Artikelnummer: 461<\/p>","protected":false},"excerpt":{"rendered":"<p>K\u00e4tting, varmf\u00f6rzinkad. L\u00e4ngd: 10 cm. Annan l\u00e4ngd p\u00e5 f\u00f6rfr\u00e5gan. Inklusive svart eller beige nylonadapter. Specifikation Artikelnummer: 461<\/p>","protected":false},"featured_media":6522,"comment_status":"open","ping_status":"closed","template":"","meta":{"site-sidebar-layout":"default","site-content-layout":"","ast-site-content-layout":"default","site-content-style":"default","site-sidebar-style":"default","ast-global-header-display":"","ast-banner-title-visibility":"","ast-main-header-display":"","ast-hfb-above-header-display":"","ast-hfb-below-header-display":"","ast-hfb-mobile-header-display":"","site-post-title":"","ast-breadcrumbs-content":"","ast-featured-img":"","footer-sml-layout":"","theme-transparent-header-meta":"default","adv-header-id-meta":"","stick-header-meta":"","header-above-stick-meta":"","header-main-stick-meta":"","header-below-stick-meta":"","astra-migrate-meta-layouts":"set","ast-page-background-enabled":"default","ast-page-background-meta":{"desktop":{"background-color":"","background-image":"","background-repeat":"repeat","background-position":"center center","background-size":"auto","background-attachment":"scroll","background-type":"","background-media":"","overlay-type":"","overlay-color":"","overlay-opacity":"","overlay-gradient":""},"tablet":{"background-color":"","background-image":"","background-repeat":"repeat","background-position":"center center","background-size":"auto","background-attachment":"scroll","background-type":"","background-media":"","overlay-type":"","overlay-color":"","overlay-opacity":"","overlay-gradient":""},"mobile":{"background-color":"","background-image":"","background-repeat":"repeat","background-position":"center center","background-size":"auto","background-attachment":"scroll","background-type":"","background-media":"","overlay-type":"","overlay-color":"","overlay-opacity":"","overlay-gradient":""}},"ast-content-background-meta":{"desktop":{"background-color":"var(--ast-global-color-5)","background-image":"","background-repeat":"repeat","background-position":"center center","background-size":"auto","background-attachment":"scroll","background-type":"","background-media":"","overlay-type":"","overlay-color":"","overlay-opacity":"","overlay-gradient":""},"tablet":{"background-color":"var(--ast-global-color-5)","background-image":"","background-repeat":"repeat","background-position":"center center","background-size":"auto","background-attachment":"scroll","background-type":"","background-media":"","overlay-type":"","overlay-color":"","overlay-opacity":"","overlay-gradient":""},"mobile":{"background-color":"var(--ast-global-color-5)","background-image":"","background-repeat":"repeat","background-position":"center center","background-size":"auto","background-attachment":"scroll","background-type":"","background-media":"","overlay-type":"","overlay-color":"","overlay-opacity":"","overlay-gradient":""}}},"product_brand":[],"product_cat":[90],"product_tag":[],"class_list":{"0":"post-6521","1":"product","2":"type-product","3":"status-publish","4":"has-post-thumbnail","6":"product_cat-ropes-accessories","7":"desktop-align-left","8":"tablet-align-left","9":"mobile-align-left","11":"first","12":"instock","13":"shipping-taxable","14":"product-type-simple"},"_links":{"self":[{"href":"https:\/\/culpeo.cn\/zh_hk\/wp-json\/wp\/v2\/product\/6521","targetHints":{"allow":["GET"]}}],"collection":[{"href":"https:\/\/culpeo.cn\/zh_hk\/wp-json\/wp\/v2\/product"}],"about":[{"href":"https:\/\/culpeo.cn\/zh_hk\/wp-json\/wp\/v2\/types\/product"}],"replies":[{"embeddable":true,"href":"https:\/\/culpeo.cn\/zh_hk\/wp-json\/wp\/v2\/comments?post=6521"}],"version-history":[{"count":1,"href":"https:\/\/culpeo.cn\/zh_hk\/wp-json\/wp\/v2\/product\/6521\/revisions"}],"predecessor-version":[{"id":6523,"href":"https:\/\/culpeo.cn\/zh_hk\/wp-json\/wp\/v2\/product\/6521\/revisions\/6523"}],"wp:featuredmedia":[{"embeddable":true,"href":"https:\/\/culpeo.cn\/zh_hk\/wp-json\/wp\/v2\/media\/6522"}],"wp:attachment":[{"href":"https:\/\/culpeo.cn\/zh_hk\/wp-json\/wp\/v2\/media?parent=6521"}],"wp:term":[{"taxonomy":"product_brand","embeddable":true,"href":"https:\/\/culpeo.cn\/zh_hk\/wp-json\/wp\/v2\/product_brand?post=6521"},{"taxonomy":"product_cat","embeddable":true,"href":"https:\/\/culpeo.cn\/zh_hk\/wp-json\/wp\/v2\/product_cat?post=6521"},{"taxonomy":"product_tag","embeddable":true,"href":"https:\/\/culpeo.cn\/zh_hk\/wp-json\/wp\/v2\/product_tag?post=6521"}],"curies":[{"name":"wp","href":"https:\/\/api.w.org\/{rel}","templated":true}]}}