{"id":7444,"date":"2026-01-21T09:04:48","date_gmt":"2026-01-21T09:04:48","guid":{"rendered":"https:\/\/culpeo.cn\/?post_type=product&#038;p=7444"},"modified":"2026-01-21T09:07:18","modified_gmt":"2026-01-21T09:07:18","slug":"adventure-park-sliding-obstacle-flying-buoy","status":"publish","type":"product","link":"https:\/\/culpeo.cn\/zh_hk\/product\/adventure-park-sliding-obstacle-flying-buoy\/","title":{"rendered":"Adventure Park Sliding obstacle Flying buoy"},"content":{"rendered":"<p>Giant inflatable buoy covered with a braided polyamide net mass-tinted equipped with 4 suspension ropes and 4 shackle \u00d816mm CE.<\/p>\n<p>Dimensions:<\/p>\n<p>Suspension rope\u2019s length: 1.50m<\/p>\n<p>Buoy\u2019s thickness: 35cm<\/p>\n<p>Diameter of the buoy: \u00d81.30m<\/p>\n<p>Spreader sold separately<\/p>\n<h3 class=\"elementor-heading-title\">Specifications<\/h3>\n<table class=\"ce-product-features\" width=\"880\">\n<tbody>\n<tr class=\"ce-product-features__row firstRow\">\n<th class=\"ce-product-features__label\">Nombre d&#8217;unit\u00e9s<\/th>\n<td class=\"ce-product-features__value\">1<\/td>\n<\/tr>\n<tr class=\"ce-product-features__row\">\n<th class=\"ce-product-features__label\">Thickness<\/th>\n<td class=\"ce-product-features__value\">35cm<\/td>\n<\/tr>\n<tr class=\"ce-product-features__row\">\n<th class=\"ce-product-features__label\">Diam\u00e8tre<\/th>\n<td class=\"ce-product-features__value\">\u00d81,30m<\/td>\n<\/tr>\n<tr class=\"ce-product-features__row\">\n<th class=\"ce-product-features__label\">Lenght of suspensions<\/th>\n<td class=\"ce-product-features__value\">1,50m<\/td>\n<\/tr>\n<tr class=\"ce-product-features__row\">\n<th class=\"ce-product-features__label\">Diameter of suspension<\/th>\n<td class=\"ce-product-features__value\">16mm<\/td>\n<\/tr>\n<\/tbody>\n<\/table>","protected":false},"excerpt":{"rendered":"<p>Giant inflatable buoy covered with a braided polyamide net mass-tinted equipped with 4 suspension ropes and 4 shackle \u00d816mm CE. Dimensions: Suspension rope\u2019s length: 1.50m Buoy\u2019s thickness: 35cm Diameter of the buoy: \u00d81.30m Spreader sold separately Specifications Nombre d&#8217;unit\u00e9s 1 Thickness 35cm Diam\u00e8tre \u00d81,30m Lenght of suspensions 1,50m Diameter of suspension 16mm<\/p>","protected":false},"featured_media":7446,"comment_status":"open","ping_status":"closed","template":"","meta":{"site-sidebar-layout":"default","site-content-layout":"","ast-site-content-layout":"default","site-content-style":"default","site-sidebar-style":"default","ast-global-header-display":"","ast-banner-title-visibility":"","ast-main-header-display":"","ast-hfb-above-header-display":"","ast-hfb-below-header-display":"","ast-hfb-mobile-header-display":"","site-post-title":"","ast-breadcrumbs-content":"","ast-featured-img":"","footer-sml-layout":"","theme-transparent-header-meta":"default","adv-header-id-meta":"","stick-header-meta":"","header-above-stick-meta":"","header-main-stick-meta":"","header-below-stick-meta":"","astra-migrate-meta-layouts":"set","ast-page-background-enabled":"default","ast-page-background-meta":{"desktop":{"background-color":"","background-image":"","background-repeat":"repeat","background-position":"center center","background-size":"auto","background-attachment":"scroll","background-type":"","background-media":"","overlay-type":"","overlay-color":"","overlay-opacity":"","overlay-gradient":""},"tablet":{"background-color":"","background-image":"","background-repeat":"repeat","background-position":"center center","background-size":"auto","background-attachment":"scroll","background-type":"","background-media":"","overlay-type":"","overlay-color":"","overlay-opacity":"","overlay-gradient":""},"mobile":{"background-color":"","background-image":"","background-repeat":"repeat","background-position":"center center","background-size":"auto","background-attachment":"scroll","background-type":"","background-media":"","overlay-type":"","overlay-color":"","overlay-opacity":"","overlay-gradient":""}},"ast-content-background-meta":{"desktop":{"background-color":"var(--ast-global-color-5)","background-image":"","background-repeat":"repeat","background-position":"center center","background-size":"auto","background-attachment":"scroll","background-type":"","background-media":"","overlay-type":"","overlay-color":"","overlay-opacity":"","overlay-gradient":""},"tablet":{"background-color":"var(--ast-global-color-5)","background-image":"","background-repeat":"repeat","background-position":"center center","background-size":"auto","background-attachment":"scroll","background-type":"","background-media":"","overlay-type":"","overlay-color":"","overlay-opacity":"","overlay-gradient":""},"mobile":{"background-color":"var(--ast-global-color-5)","background-image":"","background-repeat":"repeat","background-position":"center center","background-size":"auto","background-attachment":"scroll","background-type":"","background-media":"","overlay-type":"","overlay-color":"","overlay-opacity":"","overlay-gradient":""}}},"product_brand":[],"product_cat":[92],"product_tag":[],"class_list":{"0":"post-7444","1":"product","2":"type-product","3":"status-publish","4":"has-post-thumbnail","6":"product_cat-ropes-course-elements","7":"desktop-align-left","8":"tablet-align-left","9":"mobile-align-left","11":"first","12":"instock","13":"shipping-taxable","14":"purchasable","15":"product-type-simple"},"_links":{"self":[{"href":"https:\/\/culpeo.cn\/zh_hk\/wp-json\/wp\/v2\/product\/7444","targetHints":{"allow":["GET"]}}],"collection":[{"href":"https:\/\/culpeo.cn\/zh_hk\/wp-json\/wp\/v2\/product"}],"about":[{"href":"https:\/\/culpeo.cn\/zh_hk\/wp-json\/wp\/v2\/types\/product"}],"replies":[{"embeddable":true,"href":"https:\/\/culpeo.cn\/zh_hk\/wp-json\/wp\/v2\/comments?post=7444"}],"version-history":[{"count":1,"href":"https:\/\/culpeo.cn\/zh_hk\/wp-json\/wp\/v2\/product\/7444\/revisions"}],"predecessor-version":[{"id":7447,"href":"https:\/\/culpeo.cn\/zh_hk\/wp-json\/wp\/v2\/product\/7444\/revisions\/7447"}],"wp:featuredmedia":[{"embeddable":true,"href":"https:\/\/culpeo.cn\/zh_hk\/wp-json\/wp\/v2\/media\/7446"}],"wp:attachment":[{"href":"https:\/\/culpeo.cn\/zh_hk\/wp-json\/wp\/v2\/media?parent=7444"}],"wp:term":[{"taxonomy":"product_brand","embeddable":true,"href":"https:\/\/culpeo.cn\/zh_hk\/wp-json\/wp\/v2\/product_brand?post=7444"},{"taxonomy":"product_cat","embeddable":true,"href":"https:\/\/culpeo.cn\/zh_hk\/wp-json\/wp\/v2\/product_cat?post=7444"},{"taxonomy":"product_tag","embeddable":true,"href":"https:\/\/culpeo.cn\/zh_hk\/wp-json\/wp\/v2\/product_tag?post=7444"}],"curies":[{"name":"wp","href":"https:\/\/api.w.org\/{rel}","templated":true}]}}