{"id":7532,"date":"2026-01-22T05:53:40","date_gmt":"2026-01-22T05:53:40","guid":{"rendered":"https:\/\/culpeo.cn\/?post_type=product&#038;p=7532"},"modified":"2026-01-22T05:53:40","modified_gmt":"2026-01-22T05:53:40","slug":"balance-pole-in-steel-length-2m-2-rope-suspensions-o16mm","status":"publish","type":"product","link":"https:\/\/culpeo.cn\/zh_hk\/product\/balance-pole-in-steel-length-2m-2-rope-suspensions-o16mm\/","title":{"rendered":"Balance pole in steel length 2m + 2 rope suspensions \u00d816mm"},"content":{"rendered":"<p>Balance pole in steel length 2m + 2 rope suspensions \u00d816mm<\/p>\n<h3 class=\"elementor-heading-title\">Specifications<\/h3>\n<table class=\"ce-product-features\" width=\"880\">\n<tbody>\n<tr class=\"ce-product-features__row firstRow\">\n<th class=\"ce-product-features__label\">Nombre d&#8217;unit\u00e9s<\/th>\n<td class=\"ce-product-features__value\">1<\/td>\n<\/tr>\n<tr class=\"ce-product-features__row\">\n<th class=\"ce-product-features__label\">Longueur<\/th>\n<td class=\"ce-product-features__value\">2 m<\/td>\n<\/tr>\n<tr class=\"ce-product-features__row\">\n<th class=\"ce-product-features__label\">Diam\u00e8tre<\/th>\n<td class=\"ce-product-features__value\">\u00d834 mm<\/td>\n<\/tr>\n<tr class=\"ce-product-features__row\">\n<th class=\"ce-product-features__label\">Mati\u00e8re<\/th>\n<td class=\"ce-product-features__value\">Steel bar<\/td>\n<\/tr>\n<tr class=\"ce-product-features__row\">\n<th class=\"ce-product-features__label\">Diameter of suspension<\/th>\n<td class=\"ce-product-features__value\">\u00d8 16 mm<\/td>\n<\/tr>\n<tr class=\"ce-product-features__row\">\n<th class=\"ce-product-features__label\">Material of suspensions<\/th>\n<td class=\"ce-product-features__value\">Polypropylene<\/td>\n<\/tr>\n<tr class=\"ce-product-features__row\">\n<th class=\"ce-product-features__label\">Color of the suspension rope<\/th>\n<td class=\"ce-product-features__value\">Green or Beige<\/td>\n<\/tr>\n<tr class=\"ce-product-features__row\">\n<th class=\"ce-product-features__label\">Poids<\/th>\n<td class=\"ce-product-features__value\">6 kg<\/td>\n<\/tr>\n<tr class=\"ce-product-features__row\">\n<th class=\"ce-product-features__label\">Compositions<\/th>\n<td class=\"ce-product-features__value\">Steel bar equipped with 2 suspension ropes connected at the top with a ring.<\/td>\n<\/tr>\n<tr class=\"ce-product-features__row\">\n<th class=\"ce-product-features__label\">Attachment system<\/th>\n<td class=\"ce-product-features__value\">Pulley with shackle orTandem SpeedPulley Petz (Sold separately)<\/td>\n<\/tr>\n<\/tbody>\n<\/table>","protected":false},"excerpt":{"rendered":"<p>Balance pole in steel length 2m + 2 rope suspensions \u00d816mm Specifications Nombre d&#8217;unit\u00e9s 1 Longueur 2 m Diam\u00e8tre \u00d834 mm Mati\u00e8re Steel bar Diameter of suspension \u00d8 16 mm Material of suspensions Polypropylene Color of the suspension rope Green or Beige Poids 6 kg Compositions Steel bar equipped with 2 suspension ropes connected at [&hellip;]<\/p>","protected":false},"featured_media":7534,"comment_status":"open","ping_status":"closed","template":"","meta":{"site-sidebar-layout":"default","site-content-layout":"","ast-site-content-layout":"default","site-content-style":"default","site-sidebar-style":"default","ast-global-header-display":"","ast-banner-title-visibility":"","ast-main-header-display":"","ast-hfb-above-header-display":"","ast-hfb-below-header-display":"","ast-hfb-mobile-header-display":"","site-post-title":"","ast-breadcrumbs-content":"","ast-featured-img":"","footer-sml-layout":"","theme-transparent-header-meta":"default","adv-header-id-meta":"","stick-header-meta":"","header-above-stick-meta":"","header-main-stick-meta":"","header-below-stick-meta":"","astra-migrate-meta-layouts":"set","ast-page-background-enabled":"default","ast-page-background-meta":{"desktop":{"background-color":"","background-image":"","background-repeat":"repeat","background-position":"center center","background-size":"auto","background-attachment":"scroll","background-type":"","background-media":"","overlay-type":"","overlay-color":"","overlay-opacity":"","overlay-gradient":""},"tablet":{"background-color":"","background-image":"","background-repeat":"repeat","background-position":"center center","background-size":"auto","background-attachment":"scroll","background-type":"","background-media":"","overlay-type":"","overlay-color":"","overlay-opacity":"","overlay-gradient":""},"mobile":{"background-color":"","background-image":"","background-repeat":"repeat","background-position":"center center","background-size":"auto","background-attachment":"scroll","background-type":"","background-media":"","overlay-type":"","overlay-color":"","overlay-opacity":"","overlay-gradient":""}},"ast-content-background-meta":{"desktop":{"background-color":"var(--ast-global-color-5)","background-image":"","background-repeat":"repeat","background-position":"center center","background-size":"auto","background-attachment":"scroll","background-type":"","background-media":"","overlay-type":"","overlay-color":"","overlay-opacity":"","overlay-gradient":""},"tablet":{"background-color":"var(--ast-global-color-5)","background-image":"","background-repeat":"repeat","background-position":"center center","background-size":"auto","background-attachment":"scroll","background-type":"","background-media":"","overlay-type":"","overlay-color":"","overlay-opacity":"","overlay-gradient":""},"mobile":{"background-color":"var(--ast-global-color-5)","background-image":"","background-repeat":"repeat","background-position":"center center","background-size":"auto","background-attachment":"scroll","background-type":"","background-media":"","overlay-type":"","overlay-color":"","overlay-opacity":"","overlay-gradient":""}}},"product_brand":[],"product_cat":[92],"product_tag":[],"class_list":{"0":"post-7532","1":"product","2":"type-product","3":"status-publish","4":"has-post-thumbnail","6":"product_cat-ropes-course-elements","7":"desktop-align-left","8":"tablet-align-left","9":"mobile-align-left","11":"first","12":"instock","13":"shipping-taxable","14":"purchasable","15":"product-type-simple"},"_links":{"self":[{"href":"https:\/\/culpeo.cn\/zh_hk\/wp-json\/wp\/v2\/product\/7532","targetHints":{"allow":["GET"]}}],"collection":[{"href":"https:\/\/culpeo.cn\/zh_hk\/wp-json\/wp\/v2\/product"}],"about":[{"href":"https:\/\/culpeo.cn\/zh_hk\/wp-json\/wp\/v2\/types\/product"}],"replies":[{"embeddable":true,"href":"https:\/\/culpeo.cn\/zh_hk\/wp-json\/wp\/v2\/comments?post=7532"}],"version-history":[{"count":1,"href":"https:\/\/culpeo.cn\/zh_hk\/wp-json\/wp\/v2\/product\/7532\/revisions"}],"predecessor-version":[{"id":7535,"href":"https:\/\/culpeo.cn\/zh_hk\/wp-json\/wp\/v2\/product\/7532\/revisions\/7535"}],"wp:featuredmedia":[{"embeddable":true,"href":"https:\/\/culpeo.cn\/zh_hk\/wp-json\/wp\/v2\/media\/7534"}],"wp:attachment":[{"href":"https:\/\/culpeo.cn\/zh_hk\/wp-json\/wp\/v2\/media?parent=7532"}],"wp:term":[{"taxonomy":"product_brand","embeddable":true,"href":"https:\/\/culpeo.cn\/zh_hk\/wp-json\/wp\/v2\/product_brand?post=7532"},{"taxonomy":"product_cat","embeddable":true,"href":"https:\/\/culpeo.cn\/zh_hk\/wp-json\/wp\/v2\/product_cat?post=7532"},{"taxonomy":"product_tag","embeddable":true,"href":"https:\/\/culpeo.cn\/zh_hk\/wp-json\/wp\/v2\/product_tag?post=7532"}],"curies":[{"name":"wp","href":"https:\/\/api.w.org\/{rel}","templated":true}]}}